{"id":17385,"date":"2025-02-14T09:10:53","date_gmt":"2025-02-14T08:10:53","guid":{"rendered":"https:\/\/casino.si\/portoroz\/posebna-ponudba\/organizirane-skupine\/"},"modified":"2025-08-21T13:50:05","modified_gmt":"2025-08-21T11:50:05","slug":"organisierte-gruppen","status":"publish","type":"page","link":"https:\/\/casinoji.si\/de\/portoroz\/sonderangebot\/organisierte-gruppen\/","title":{"rendered":"ORGANISIERTE GRUPPEN"},"content":{"rendered":"\t\t<div data-elementor-type=\"wp-page\" data-elementor-id=\"17385\" class=\"elementor elementor-17385 elementor-17273\">\n\t\t\t\t\t\t<section class=\"elementor-section elementor-top-section elementor-element elementor-element-1f0b8f91 elementor-section-full_width elementor-section-height-default elementor-section-height-default\" data-id=\"1f0b8f91\" data-element_type=\"section\" data-e-type=\"section\">\r\n\t\t\t\t\t\t<div class=\"elementor-container elementor-column-gap-no\"><div class=\"elementor-row\">\r\n\t\t\t\t\t<div class=\"elementor-column elementor-col-100 elementor-top-column elementor-element elementor-element-308dcbc\" data-id=\"308dcbc\" data-element_type=\"column\" data-e-type=\"column\">\n\t\t\t<div class=\"elementor-widget-wrap elementor-element-populated\">\n\t\t\t\t\t\t<div class=\"elementor-element elementor-element-22d86e4e elementor-arrows-position-inside flex-horizontal-align-default flex-horizontal-align-tablet-default flex-horizontal-align-mobile-default flex-vertical-align-default flex-vertical-align-tablet-default flex-vertical-align-mobile-default elementor-widget elementor-widget-image-carousel\" data-id=\"22d86e4e\" data-element_type=\"widget\" data-e-type=\"widget\" data-settings=\"{&quot;slides_to_show&quot;:&quot;1&quot;,&quot;navigation&quot;:&quot;arrows&quot;,&quot;autoplay&quot;:&quot;yes&quot;,&quot;pause_on_hover&quot;:&quot;yes&quot;,&quot;pause_on_interaction&quot;:&quot;yes&quot;,&quot;autoplay_speed&quot;:5000,&quot;infinite&quot;:&quot;yes&quot;,&quot;effect&quot;:&quot;slide&quot;,&quot;speed&quot;:500}\" data-widget_type=\"image-carousel.default\">\n\t\t\t\t<div class=\"elementor-widget-container\">\n\t\t\t\t\t\t\t<div class=\"elementor-image-carousel-wrapper swiper\" role=\"region\" aria-roledescription=\"carousel\" aria-label=\"Bild Karussell\" dir=\"ltr\">\n\t\t\t<div class=\"elementor-image-carousel swiper-wrapper\" aria-live=\"off\">\n\t\t\t\t\t\t\t\t<div class=\"swiper-slide\" role=\"group\" aria-roledescription=\"slide\" aria-label=\"1 von 1\"><figure class=\"swiper-slide-inner\"><img class=\"swiper-slide-image\" src=\"https:\/\/casinoji.si\/wp-content\/uploads\/elementor\/thumbs\/gcp_casino_3-scaled-qkmp3mccyws81fmiz72334xc3a12baa6ipzw01h460.jpg\" alt=\"gcp_casino_3\" \/><\/figure><\/div>\t\t\t<\/div>\n\t\t\t\t\t<\/div>\n\t\t\t\t\t\t<\/div>\n\t\t\t\t<\/div>\n\t\t\t\t\t<\/div>\n\t\t<\/div>\n\t\t\t\t\t<\/div><\/div>\r\n\t\t<\/section>\r\n\t\t\t\t<section class=\"elementor-section elementor-top-section elementor-element elementor-element-6b3525a2 elementor-section-boxed elementor-section-height-default elementor-section-height-default\" data-id=\"6b3525a2\" data-element_type=\"section\" data-e-type=\"section\">\r\n\t\t\t\t\t\t<div class=\"elementor-container elementor-column-gap-thegem\"><div class=\"elementor-row\">\r\n\t\t\t\t\t<div class=\"elementor-column elementor-col-50 elementor-top-column elementor-element elementor-element-77fd3347\" data-id=\"77fd3347\" data-element_type=\"column\" data-e-type=\"column\">\n\t\t\t<div class=\"elementor-widget-wrap elementor-element-populated\">\n\t\t\t\t\t\t<div class=\"elementor-element elementor-element-63f5d79 elementor-arrows-position-inside elementor-pagination-position-outside flex-horizontal-align-default flex-horizontal-align-tablet-default flex-horizontal-align-mobile-default flex-vertical-align-default flex-vertical-align-tablet-default flex-vertical-align-mobile-default elementor-widget elementor-widget-image-carousel\" data-id=\"63f5d79\" data-element_type=\"widget\" data-e-type=\"widget\" data-settings=\"{&quot;slides_to_show&quot;:&quot;1&quot;,&quot;autoplay_speed&quot;:8000,&quot;speed&quot;:800,&quot;navigation&quot;:&quot;both&quot;,&quot;autoplay&quot;:&quot;yes&quot;,&quot;pause_on_hover&quot;:&quot;yes&quot;,&quot;pause_on_interaction&quot;:&quot;yes&quot;,&quot;infinite&quot;:&quot;yes&quot;,&quot;effect&quot;:&quot;slide&quot;}\" data-widget_type=\"image-carousel.default\">\n\t\t\t\t<div class=\"elementor-widget-container\">\n\t\t\t\t\t\t\t<div class=\"elementor-image-carousel-wrapper swiper\" role=\"region\" aria-roledescription=\"carousel\" aria-label=\"Bild Karussell\" dir=\"ltr\">\n\t\t\t<div class=\"elementor-image-carousel swiper-wrapper\" aria-live=\"off\">\n\t\t\t\t\t\t\t\t<div class=\"swiper-slide\" role=\"group\" aria-roledescription=\"slide\" aria-label=\"1 von 5\"><figure class=\"swiper-slide-inner\"><img class=\"swiper-slide-image\" src=\"https:\/\/casinoji.si\/wp-content\/uploads\/2025\/03\/1-3.png\" alt=\"1\" \/><\/figure><\/div><div class=\"swiper-slide\" role=\"group\" aria-roledescription=\"slide\" aria-label=\"2 von 5\"><figure class=\"swiper-slide-inner\"><img class=\"swiper-slide-image\" src=\"https:\/\/casinoji.si\/wp-content\/uploads\/2025\/03\/2-3.png\" alt=\"2\" \/><\/figure><\/div><div class=\"swiper-slide\" role=\"group\" aria-roledescription=\"slide\" aria-label=\"3 von 5\"><figure class=\"swiper-slide-inner\"><img class=\"swiper-slide-image\" src=\"https:\/\/casinoji.si\/wp-content\/uploads\/2025\/03\/3-3.png\" alt=\"3\" \/><\/figure><\/div><div class=\"swiper-slide\" role=\"group\" aria-roledescription=\"slide\" aria-label=\"4 von 5\"><figure class=\"swiper-slide-inner\"><img class=\"swiper-slide-image\" src=\"https:\/\/casinoji.si\/wp-content\/uploads\/2025\/03\/4-3.png\" alt=\"4\" \/><\/figure><\/div><div class=\"swiper-slide\" role=\"group\" aria-roledescription=\"slide\" aria-label=\"5 von 5\"><figure class=\"swiper-slide-inner\"><img class=\"swiper-slide-image\" src=\"https:\/\/casinoji.si\/wp-content\/uploads\/2025\/03\/5-3.png\" alt=\"5\" \/><\/figure><\/div>\t\t\t<\/div>\n\t\t\t\t\t\t\t\t\t\t\t\t<div class=\"elementor-swiper-button elementor-swiper-button-prev\" role=\"button\" tabindex=\"0\">\n\t\t\t\t\t\t<i aria-hidden=\"true\" class=\"eicon-chevron-left\"><\/i>\t\t\t\t\t<\/div>\n\t\t\t\t\t<div class=\"elementor-swiper-button elementor-swiper-button-next\" role=\"button\" tabindex=\"0\">\n\t\t\t\t\t\t<i aria-hidden=\"true\" class=\"eicon-chevron-right\"><\/i>\t\t\t\t\t<\/div>\n\t\t\t\t\n\t\t\t\t\t\t\t\t\t<div class=\"swiper-pagination\"><\/div>\n\t\t\t\t\t\t\t\t\t<\/div>\n\t\t\t\t\t\t<\/div>\n\t\t\t\t<\/div>\n\t\t\t\t\t<\/div>\n\t\t<\/div>\n\t\t\t\t<div class=\"elementor-column elementor-col-50 elementor-top-column elementor-element elementor-element-1ddbabe3\" data-id=\"1ddbabe3\" data-element_type=\"column\" data-e-type=\"column\">\n\t\t\t<div class=\"elementor-widget-wrap elementor-element-populated\">\n\t\t\t\t\t\t<div class=\"elementor-element elementor-element-2f7d8e13 flex-horizontal-align-default flex-horizontal-align-tablet-default flex-horizontal-align-mobile-default flex-vertical-align-default flex-vertical-align-tablet-default flex-vertical-align-mobile-default elementor-widget elementor-widget-heading\" data-id=\"2f7d8e13\" data-element_type=\"widget\" data-e-type=\"widget\" data-widget_type=\"heading.default\">\n\t\t\t\t<div class=\"elementor-widget-container\">\n\t\t\t\t\t<h3 class=\"elementor-heading-title elementor-size-default\">organisierte gruppen<\/h3>\t\t\t\t<\/div>\n\t\t\t\t<\/div>\n\t\t\t\t<div class=\"elementor-element elementor-element-3fe6f421 elementor-widget-divider--view-line flex-horizontal-align-default flex-horizontal-align-tablet-default flex-horizontal-align-mobile-default flex-vertical-align-default flex-vertical-align-tablet-default flex-vertical-align-mobile-default elementor-widget elementor-widget-divider\" data-id=\"3fe6f421\" data-element_type=\"widget\" data-e-type=\"widget\" data-widget_type=\"divider.default\">\n\t\t\t\t<div class=\"elementor-widget-container\">\n\t\t\t\t\t\t\t<div class=\"elementor-divider\">\n\t\t\t<span class=\"elementor-divider-separator\">\n\t\t\t\t\t\t<\/span>\n\t\t<\/div>\n\t\t\t\t\t\t<\/div>\n\t\t\t\t<\/div>\n\t\t\t\t<div class=\"elementor-element elementor-element-13219e78 flex-horizontal-align-default flex-horizontal-align-tablet-default flex-horizontal-align-mobile-default flex-vertical-align-default flex-vertical-align-tablet-default flex-vertical-align-mobile-default elementor-widget elementor-widget-text-editor\" data-id=\"13219e78\" data-element_type=\"widget\" data-e-type=\"widget\" data-widget_type=\"text-editor.default\">\n\t\t\t\t<div class=\"elementor-widget-container\">\n\t\t\t\t\t\t\t\t\t\t\t\t<div class=\"elementor-text-editor elementor-clearfix\">\r\n\t\t\t\t\t\t<p data-start=\"0\" data-end=\"311\">Im Grand Casino Portoro\u017e bieten wir unvergessliche Erlebnisse und Unterhaltung f\u00fcr organisierte Gruppen, egal ob es sich um eint\u00e4gige oder zweit\u00e4gige Ausfl\u00fcge handelt. Sie k\u00f6nnen Ihr Erlebnis am Wochenende oder unter der Woche planen \u2013 wir erwarten Sie stets mit offenen T\u00fcren und einem einzigartigen Angebot.<\/p><p data-start=\"313\" data-end=\"448\" data-is-only-node=\"\" data-is-last-node=\"\">\ud83d\udcde F\u00fcr weitere Informationen und Reservierungen kontaktieren Sie uns:<br data-start=\"382\" data-end=\"385\" \/>Telefon: +386 30 676 232<br data-start=\"409\" data-end=\"412\" \/>E-Mail: <a rel=\"noopener\" data-start=\"420\" data-end=\"448\" data-is-last-node=\"\">marketing.portoroz@casino.si<\/a><\/p>\t\t\t\t\t\t\t<\/div>\r\n\t\t\t\t\t\t\t\t\t\t<\/div>\n\t\t\t\t<\/div>\n\t\t\t\t\t<\/div>\n\t\t<\/div>\n\t\t\t\t\t<\/div><\/div>\r\n\t\t<\/section>\r\n\t\t\t\t<section class=\"elementor-section elementor-top-section elementor-element elementor-element-543c748 elementor-section-boxed elementor-section-height-default elementor-section-height-default\" data-id=\"543c748\" data-element_type=\"section\" data-e-type=\"section\">\r\n\t\t\t\t\t\t<div class=\"elementor-container elementor-column-gap-thegem\"><div class=\"elementor-row\">\r\n\t\t\t\t\t<div class=\"elementor-column elementor-col-100 elementor-top-column elementor-element elementor-element-f27804e\" data-id=\"f27804e\" data-element_type=\"column\" data-e-type=\"column\">\n\t\t\t<div class=\"elementor-widget-wrap\">\n\t\t\t\t\t\t\t<\/div>\n\t\t<\/div>\n\t\t\t\t\t<\/div><\/div>\r\n\t\t<\/section>\r\n\t\t\t\t<\/div>\n\t\t","protected":false},"excerpt":{"rendered":"<p>organisierte gruppen Im Grand Casino Portoro\u017e bieten wir unvergessliche Erlebnisse und Unterhaltung f\u00fcr organisierte Gruppen, egal ob es sich um&#8230;<\/p>\n","protected":false},"author":1,"featured_media":0,"parent":17376,"menu_order":0,"comment_status":"closed","ping_status":"closed","template":"page-fullwidth.php","meta":{"footnotes":""},"class_list":["post-17385","page","type-page","status-publish"],"yoast_head":"<!-- This site is optimized with the Yoast SEO plugin v27.4 - https:\/\/yoast.com\/product\/yoast-seo-wordpress\/ -->\n<title>ORGANISIERTE GRUPPEN - Casino<\/title>\n<meta name=\"robots\" content=\"index, follow, max-snippet:-1, max-image-preview:large, max-video-preview:-1\" \/>\n<link rel=\"canonical\" href=\"https:\/\/casinoji.si\/de\/portoroz\/sonderangebot\/organisierte-gruppen\/\" \/>\n<meta property=\"og:locale\" content=\"de_DE\" \/>\n<meta property=\"og:type\" content=\"article\" \/>\n<meta property=\"og:title\" content=\"ORGANISIERTE GRUPPEN - Casino\" \/>\n<meta property=\"og:description\" content=\"organisierte gruppen Im Grand Casino Portoro\u017e bieten wir unvergessliche Erlebnisse und Unterhaltung f\u00fcr organisierte Gruppen, egal ob es sich um...\" \/>\n<meta property=\"og:url\" content=\"https:\/\/casinoji.si\/de\/portoroz\/sonderangebot\/organisierte-gruppen\/\" \/>\n<meta property=\"og:site_name\" content=\"Casino\" \/>\n<meta property=\"article:modified_time\" content=\"2025-08-21T11:50:05+00:00\" \/>\n<meta property=\"og:image\" content=\"https:\/\/casinoji.si\/wp-content\/uploads\/elementor\/thumbs\/gcp_casino_3-scaled-qkmp3mccyws81fmiz72334xc3a12baa6ipzw01h460.jpg\" \/>\n<meta name=\"twitter:card\" content=\"summary_large_image\" \/>\n<meta name=\"twitter:label1\" content=\"Gesch\u00e4tzte Lesezeit\" \/>\n\t<meta name=\"twitter:data1\" content=\"2\u00a0Minuten\" \/>\n<script type=\"application\/ld+json\" class=\"yoast-schema-graph\">{\"@context\":\"https:\\\/\\\/schema.org\",\"@graph\":[{\"@type\":\"WebPage\",\"@id\":\"https:\\\/\\\/casinoji.si\\\/de\\\/portoroz\\\/sonderangebot\\\/organisierte-gruppen\\\/\",\"url\":\"https:\\\/\\\/casinoji.si\\\/de\\\/portoroz\\\/sonderangebot\\\/organisierte-gruppen\\\/\",\"name\":\"ORGANISIERTE GRUPPEN - Casino\",\"isPartOf\":{\"@id\":\"https:\\\/\\\/casinoji.si\\\/de\\\/#website\"},\"primaryImageOfPage\":{\"@id\":\"https:\\\/\\\/casinoji.si\\\/de\\\/portoroz\\\/sonderangebot\\\/organisierte-gruppen\\\/#primaryimage\"},\"image\":{\"@id\":\"https:\\\/\\\/casinoji.si\\\/de\\\/portoroz\\\/sonderangebot\\\/organisierte-gruppen\\\/#primaryimage\"},\"thumbnailUrl\":\"https:\\\/\\\/casinoji.si\\\/wp-content\\\/uploads\\\/elementor\\\/thumbs\\\/gcp_casino_3-scaled-qkmp3mccyws81fmiz72334xc3a12baa6ipzw01h460.jpg\",\"datePublished\":\"2025-02-14T08:10:53+00:00\",\"dateModified\":\"2025-08-21T11:50:05+00:00\",\"breadcrumb\":{\"@id\":\"https:\\\/\\\/casinoji.si\\\/de\\\/portoroz\\\/sonderangebot\\\/organisierte-gruppen\\\/#breadcrumb\"},\"inLanguage\":\"de\",\"potentialAction\":[{\"@type\":\"ReadAction\",\"target\":[\"https:\\\/\\\/casinoji.si\\\/de\\\/portoroz\\\/sonderangebot\\\/organisierte-gruppen\\\/\"]}]},{\"@type\":\"ImageObject\",\"inLanguage\":\"de\",\"@id\":\"https:\\\/\\\/casinoji.si\\\/de\\\/portoroz\\\/sonderangebot\\\/organisierte-gruppen\\\/#primaryimage\",\"url\":\"https:\\\/\\\/casinoji.si\\\/wp-content\\\/uploads\\\/elementor\\\/thumbs\\\/gcp_casino_3-scaled-qkmp3mccyws81fmiz72334xc3a12baa6ipzw01h460.jpg\",\"contentUrl\":\"https:\\\/\\\/casinoji.si\\\/wp-content\\\/uploads\\\/elementor\\\/thumbs\\\/gcp_casino_3-scaled-qkmp3mccyws81fmiz72334xc3a12baa6ipzw01h460.jpg\"},{\"@type\":\"BreadcrumbList\",\"@id\":\"https:\\\/\\\/casinoji.si\\\/de\\\/portoroz\\\/sonderangebot\\\/organisierte-gruppen\\\/#breadcrumb\",\"itemListElement\":[{\"@type\":\"ListItem\",\"position\":1,\"name\":\"Home\",\"item\":\"https:\\\/\\\/casinoji.si\\\/de\\\/\"},{\"@type\":\"ListItem\",\"position\":2,\"name\":\"Portoro\u017e\",\"item\":\"https:\\\/\\\/casinoji.si\\\/de\\\/portoroz\\\/\"},{\"@type\":\"ListItem\",\"position\":3,\"name\":\"SONDERANGEBOT\",\"item\":\"https:\\\/\\\/casinoji.si\\\/de\\\/portoroz\\\/sonderangebot\\\/\"},{\"@type\":\"ListItem\",\"position\":4,\"name\":\"ORGANISIERTE GRUPPEN\"}]},{\"@type\":\"WebSite\",\"@id\":\"https:\\\/\\\/casinoji.si\\\/de\\\/#website\",\"url\":\"https:\\\/\\\/casinoji.si\\\/de\\\/\",\"name\":\"Casino\",\"description\":\"Portoro\u017e, Lipica, Mons Ljubljana\",\"potentialAction\":[{\"@type\":\"SearchAction\",\"target\":{\"@type\":\"EntryPoint\",\"urlTemplate\":\"https:\\\/\\\/casinoji.si\\\/de\\\/?s={search_term_string}\"},\"query-input\":{\"@type\":\"PropertyValueSpecification\",\"valueRequired\":true,\"valueName\":\"search_term_string\"}}],\"inLanguage\":\"de\"}]}<\/script>\n<!-- \/ Yoast SEO plugin. -->","yoast_head_json":{"title":"ORGANISIERTE GRUPPEN - Casino","robots":{"index":"index","follow":"follow","max-snippet":"max-snippet:-1","max-image-preview":"max-image-preview:large","max-video-preview":"max-video-preview:-1"},"canonical":"https:\/\/casinoji.si\/de\/portoroz\/sonderangebot\/organisierte-gruppen\/","og_locale":"de_DE","og_type":"article","og_title":"ORGANISIERTE GRUPPEN - Casino","og_description":"organisierte gruppen Im Grand Casino Portoro\u017e bieten wir unvergessliche Erlebnisse und Unterhaltung f\u00fcr organisierte Gruppen, egal ob es sich um...","og_url":"https:\/\/casinoji.si\/de\/portoroz\/sonderangebot\/organisierte-gruppen\/","og_site_name":"Casino","article_modified_time":"2025-08-21T11:50:05+00:00","og_image":[{"url":"https:\/\/casinoji.si\/wp-content\/uploads\/elementor\/thumbs\/gcp_casino_3-scaled-qkmp3mccyws81fmiz72334xc3a12baa6ipzw01h460.jpg","type":"","width":"","height":""}],"twitter_card":"summary_large_image","twitter_misc":{"Gesch\u00e4tzte Lesezeit":"2\u00a0Minuten"},"schema":{"@context":"https:\/\/schema.org","@graph":[{"@type":"WebPage","@id":"https:\/\/casinoji.si\/de\/portoroz\/sonderangebot\/organisierte-gruppen\/","url":"https:\/\/casinoji.si\/de\/portoroz\/sonderangebot\/organisierte-gruppen\/","name":"ORGANISIERTE GRUPPEN - Casino","isPartOf":{"@id":"https:\/\/casinoji.si\/de\/#website"},"primaryImageOfPage":{"@id":"https:\/\/casinoji.si\/de\/portoroz\/sonderangebot\/organisierte-gruppen\/#primaryimage"},"image":{"@id":"https:\/\/casinoji.si\/de\/portoroz\/sonderangebot\/organisierte-gruppen\/#primaryimage"},"thumbnailUrl":"https:\/\/casinoji.si\/wp-content\/uploads\/elementor\/thumbs\/gcp_casino_3-scaled-qkmp3mccyws81fmiz72334xc3a12baa6ipzw01h460.jpg","datePublished":"2025-02-14T08:10:53+00:00","dateModified":"2025-08-21T11:50:05+00:00","breadcrumb":{"@id":"https:\/\/casinoji.si\/de\/portoroz\/sonderangebot\/organisierte-gruppen\/#breadcrumb"},"inLanguage":"de","potentialAction":[{"@type":"ReadAction","target":["https:\/\/casinoji.si\/de\/portoroz\/sonderangebot\/organisierte-gruppen\/"]}]},{"@type":"ImageObject","inLanguage":"de","@id":"https:\/\/casinoji.si\/de\/portoroz\/sonderangebot\/organisierte-gruppen\/#primaryimage","url":"https:\/\/casinoji.si\/wp-content\/uploads\/elementor\/thumbs\/gcp_casino_3-scaled-qkmp3mccyws81fmiz72334xc3a12baa6ipzw01h460.jpg","contentUrl":"https:\/\/casinoji.si\/wp-content\/uploads\/elementor\/thumbs\/gcp_casino_3-scaled-qkmp3mccyws81fmiz72334xc3a12baa6ipzw01h460.jpg"},{"@type":"BreadcrumbList","@id":"https:\/\/casinoji.si\/de\/portoroz\/sonderangebot\/organisierte-gruppen\/#breadcrumb","itemListElement":[{"@type":"ListItem","position":1,"name":"Home","item":"https:\/\/casinoji.si\/de\/"},{"@type":"ListItem","position":2,"name":"Portoro\u017e","item":"https:\/\/casinoji.si\/de\/portoroz\/"},{"@type":"ListItem","position":3,"name":"SONDERANGEBOT","item":"https:\/\/casinoji.si\/de\/portoroz\/sonderangebot\/"},{"@type":"ListItem","position":4,"name":"ORGANISIERTE GRUPPEN"}]},{"@type":"WebSite","@id":"https:\/\/casinoji.si\/de\/#website","url":"https:\/\/casinoji.si\/de\/","name":"Casino","description":"Portoro\u017e, Lipica, Mons Ljubljana","potentialAction":[{"@type":"SearchAction","target":{"@type":"EntryPoint","urlTemplate":"https:\/\/casinoji.si\/de\/?s={search_term_string}"},"query-input":{"@type":"PropertyValueSpecification","valueRequired":true,"valueName":"search_term_string"}}],"inLanguage":"de"}]}},"jetpack_sharing_enabled":true,"_links":{"self":[{"href":"https:\/\/casinoji.si\/de\/wp-json\/wp\/v2\/pages\/17385","targetHints":{"allow":["GET"]}}],"collection":[{"href":"https:\/\/casinoji.si\/de\/wp-json\/wp\/v2\/pages"}],"about":[{"href":"https:\/\/casinoji.si\/de\/wp-json\/wp\/v2\/types\/page"}],"author":[{"embeddable":true,"href":"https:\/\/casinoji.si\/de\/wp-json\/wp\/v2\/users\/1"}],"replies":[{"embeddable":true,"href":"https:\/\/casinoji.si\/de\/wp-json\/wp\/v2\/comments?post=17385"}],"version-history":[{"count":2,"href":"https:\/\/casinoji.si\/de\/wp-json\/wp\/v2\/pages\/17385\/revisions"}],"predecessor-version":[{"id":23226,"href":"https:\/\/casinoji.si\/de\/wp-json\/wp\/v2\/pages\/17385\/revisions\/23226"}],"up":[{"embeddable":true,"href":"https:\/\/casinoji.si\/de\/wp-json\/wp\/v2\/pages\/17376"}],"wp:attachment":[{"href":"https:\/\/casinoji.si\/de\/wp-json\/wp\/v2\/media?parent=17385"}],"curies":[{"name":"wp","href":"https:\/\/api.w.org\/{rel}","templated":true}]}}