{"id":21150,"date":"2025-05-09T18:35:40","date_gmt":"2025-05-09T16:35:40","guid":{"rendered":"https:\/\/casinoji.si\/portoroz\/restaurant_sol_privee\/posebni-menu\/"},"modified":"2026-03-26T11:58:42","modified_gmt":"2026-03-26T10:58:42","slug":"spezial-menue","status":"publish","type":"page","link":"https:\/\/casinoji.si\/de\/portoroz\/restaurant_sol_privee\/spezial-menue\/","title":{"rendered":"Spezial men\u00fc"},"content":{"rendered":"\t\t<div data-elementor-type=\"wp-page\" data-elementor-id=\"21150\" class=\"elementor elementor-21150 elementor-20145\">\n\t\t\t\t\t\t<section class=\"elementor-section elementor-top-section elementor-element elementor-element-d34b92 elementor-section-full_width elementor-section-height-default elementor-section-height-default\" data-id=\"d34b92\" data-element_type=\"section\" data-e-type=\"section\">\r\n\t\t\t\t\t\t<div class=\"elementor-container elementor-column-gap-no\"><div class=\"elementor-row\">\r\n\t\t\t\t\t<div class=\"elementor-column elementor-col-100 elementor-top-column elementor-element elementor-element-45e40c4e\" data-id=\"45e40c4e\" data-element_type=\"column\" data-e-type=\"column\">\n\t\t\t<div class=\"elementor-widget-wrap elementor-element-populated\">\n\t\t\t\t\t\t<div class=\"elementor-element elementor-element-2f11bf00 elementor-arrows-position-inside flex-horizontal-align-default flex-horizontal-align-tablet-default flex-horizontal-align-mobile-default flex-vertical-align-default flex-vertical-align-tablet-default flex-vertical-align-mobile-default elementor-widget elementor-widget-image-carousel\" data-id=\"2f11bf00\" data-element_type=\"widget\" data-e-type=\"widget\" data-settings=\"{&quot;slides_to_show&quot;:&quot;1&quot;,&quot;navigation&quot;:&quot;arrows&quot;,&quot;autoplay&quot;:&quot;yes&quot;,&quot;pause_on_hover&quot;:&quot;yes&quot;,&quot;pause_on_interaction&quot;:&quot;yes&quot;,&quot;autoplay_speed&quot;:5000,&quot;infinite&quot;:&quot;yes&quot;,&quot;effect&quot;:&quot;slide&quot;,&quot;speed&quot;:500}\" data-widget_type=\"image-carousel.default\">\n\t\t\t\t<div class=\"elementor-widget-container\">\n\t\t\t\t\t\t\t<div class=\"elementor-image-carousel-wrapper swiper\" role=\"region\" aria-roledescription=\"carousel\" aria-label=\"Image Carousel\" dir=\"ltr\">\n\t\t\t<div class=\"elementor-image-carousel swiper-wrapper swiper-image-stretch\" aria-live=\"off\">\n\t\t\t\t\t\t\t\t<div class=\"swiper-slide\" role=\"group\" aria-roledescription=\"slide\" aria-label=\"1 von 1\"><figure class=\"swiper-slide-inner\"><img class=\"swiper-slide-image\" src=\"https:\/\/casinoji.si\/wp-content\/uploads\/2025\/05\/Izdelek-brez-naslova.png\" alt=\"Izdelek brez naslova\" \/><\/figure><\/div>\t\t\t<\/div>\n\t\t\t\t\t<\/div>\n\t\t\t\t\t\t<\/div>\n\t\t\t\t<\/div>\n\t\t\t\t\t<\/div>\n\t\t<\/div>\n\t\t\t\t\t<\/div><\/div>\r\n\t\t<\/section>\r\n\t\t\t\t<section class=\"elementor-section elementor-top-section elementor-element elementor-element-fba5bd4 elementor-section-boxed elementor-section-height-default elementor-section-height-default\" data-id=\"fba5bd4\" data-element_type=\"section\" data-e-type=\"section\">\r\n\t\t\t\t\t\t<div class=\"elementor-container elementor-column-gap-thegem\"><div class=\"elementor-row\">\r\n\t\t\t\t\t<div class=\"elementor-column elementor-col-100 elementor-top-column elementor-element elementor-element-7121d99b\" data-id=\"7121d99b\" data-element_type=\"column\" data-e-type=\"column\">\n\t\t\t<div class=\"elementor-widget-wrap elementor-element-populated\">\n\t\t\t\t\t\t<div class=\"elementor-element elementor-element-5d12e7c3 flex-horizontal-align-default flex-horizontal-align-tablet-default flex-horizontal-align-mobile-default flex-vertical-align-default flex-vertical-align-tablet-default flex-vertical-align-mobile-default elementor-widget elementor-widget-heading\" data-id=\"5d12e7c3\" data-element_type=\"widget\" data-e-type=\"widget\" data-widget_type=\"heading.default\">\n\t\t\t\t<div class=\"elementor-widget-container\">\n\t\t\t\t\t<h2 class=\"elementor-heading-title elementor-size-default\">spezial men\u00fc<\/h2>\t\t\t\t<\/div>\n\t\t\t\t<\/div>\n\t\t\t\t<div class=\"elementor-element elementor-element-163a73d flex-horizontal-align-default flex-horizontal-align-tablet-default flex-horizontal-align-mobile-default flex-vertical-align-default flex-vertical-align-tablet-default flex-vertical-align-mobile-default elementor-widget elementor-widget-text-editor\" data-id=\"163a73d\" data-element_type=\"widget\" data-e-type=\"widget\" data-widget_type=\"text-editor.default\">\n\t\t\t\t<div class=\"elementor-widget-container\">\n\t\t\t\t\t\t\t\t\t\t\t\t<div class=\"elementor-text-editor elementor-clearfix\">\r\n\t\t\t\t\t\t<div class=\"flex flex-col text-sm pb-25\"><article class=\"text-token-text-primary w-full focus:outline-none [--shadow-height:45px] has-data-writing-block:pointer-events-none has-data-writing-block:-mt-(--shadow-height) has-data-writing-block:pt-(--shadow-height) [&amp;:has([data-writing-block])&gt;*]:pointer-events-auto scroll-mt-[calc(var(--header-height)+min(200px,max(70px,20svh)))]\" dir=\"auto\" tabindex=\"-1\" data-turn-id=\"8dadf584-dc85-4455-a398-452ec6d70498\" data-testid=\"conversation-turn-12\" data-scroll-anchor=\"true\" data-turn=\"assistant\"><div class=\"text-base my-auto mx-auto pb-10 [--thread-content-margin:--spacing(4)] @w-sm\/main:[--thread-content-margin:--spacing(6)] @w-lg\/main:[--thread-content-margin:--spacing(16)] px-(--thread-content-margin)\"><div class=\"[--thread-content-max-width:40rem] @w-lg\/main:[--thread-content-max-width:48rem] mx-auto max-w-(--thread-content-max-width) flex-1 group\/turn-messages focus-visible:outline-hidden relative flex w-full min-w-0 flex-col agent-turn\" tabindex=\"-1\"><div class=\"flex max-w-full flex-col grow\"><div class=\"min-h-8 text-message relative flex w-full flex-col items-end gap-2 text-start break-words whitespace-normal [.text-message+&amp;]:mt-1\" dir=\"auto\" data-message-author-role=\"assistant\" data-message-id=\"1c67169d-bc7e-4c51-8048-48dc07ce6fff\" data-message-model-slug=\"gpt-5-2\"><div class=\"flex w-full flex-col gap-1 empty:hidden first:pt-[1px]\"><div class=\"markdown prose dark:prose-invert w-full wrap-break-word light markdown-new-styling title-h5\"><p style=\"text-align: center;\" data-start=\"1677\" data-end=\"1798\">\u00a0<\/p><h2 data-section-id=\"7m6u6a\" data-start=\"2030\" data-end=\"2067\"><span style=\"color: #993300;\" role=\"text\"><strong data-start=\"2033\" data-end=\"2065\">Gourmet night: Hello spring!<\/strong><\/span><\/h2><h3 data-section-id=\"z9ja21\" data-start=\"2068\" data-end=\"2116\"><span style=\"color: #993300;\" role=\"text\"><em data-start=\"2072\" data-end=\"2116\">in Zusammenarbeit mit dem Weingut Santomas<\/em><\/span><\/h3><p data-start=\"2118\" data-end=\"2300\">Der Fr\u00fchling bringt Frische, Leichtigkeit und neue Aromen \u2013 eine Zeit, in der die Natur zu neuem Leben erwacht und auf den Tellern Farben, D\u00fcfte und feine saisonale Nuancen erbl\u00fchen.<\/p><p data-start=\"2302\" data-end=\"2584\">Anl\u00e4sslich des Abends <strong data-start=\"2324\" data-end=\"2356\">Gourmet night: Hello spring!<\/strong> laden wir Sie zu einem kulinarischen Erlebnis ein, das dem Erwachen des Fr\u00fchlings gewidmet ist \u2013 dort, wo die raffinierten Aromen eines sorgf\u00e4ltig komponierten Men\u00fcs auf die ausgew\u00e4hlten Weine des <strong data-start=\"2554\" data-end=\"2575\">Weinguts Santomas<\/strong> treffen.<\/p><p data-start=\"2586\" data-end=\"2811\">Jeder Gang ist eine Hommage an die Saison \u2013 leicht, elegant und voller Frische \u2013 und wird sorgf\u00e4ltig mit Weinen abgestimmt, deren Charakter, Mineralit\u00e4t und mediterrane W\u00e4rme die Geschichte jedes einzelnen Gerichts vollenden.<\/p><p data-start=\"2813\" data-end=\"2932\">M\u00f6ge dieser Abend ein Fest der Neuanf\u00e4nge, au\u00dfergew\u00f6hnlicher Aromen und des echten Genusses in guter Gesellschaft sein.<\/p><p data-start=\"2934\" data-end=\"2991\"><strong data-start=\"2934\" data-end=\"2991\">Willkommen im Fr\u00fchling. Willkommen bei Gourmet night.<\/strong><\/p><\/div><\/div><\/div><\/div><\/div><\/div><\/article><\/div>\t\t\t\t\t\t\t<\/div>\r\n\t\t\t\t\t\t\t\t\t\t<\/div>\n\t\t\t\t<\/div>\n\t\t\t\t<div class=\"elementor-element elementor-element-b7f28a0 flex-horizontal-align-default flex-horizontal-align-tablet-default flex-horizontal-align-mobile-default flex-vertical-align-default flex-vertical-align-tablet-default flex-vertical-align-mobile-default elementor-widget elementor-widget-text-editor\" data-id=\"b7f28a0\" data-element_type=\"widget\" data-e-type=\"widget\" data-widget_type=\"text-editor.default\">\n\t\t\t\t<div class=\"elementor-widget-container\">\n\t\t\t\t\t\t\t\t\t\t\t\t<div class=\"elementor-text-editor elementor-clearfix\">\r\n\t\t\t\t\t\t<h5 style=\"text-align: center;\" data-start=\"50\" data-end=\"250\">Das ausgew\u00e4hlte Men\u00fc finden Sie unten.<\/h5><h6 style=\"text-align: center;\"><span style=\"color: #ffffff;\">Reservieren Sie Ihren Platz: +386 30 647 838 Iva<\/span><\/h6>\t\t\t\t\t\t\t<\/div>\r\n\t\t\t\t\t\t\t\t\t\t<\/div>\n\t\t\t\t<\/div>\n\t\t\t\t\t<\/div>\n\t\t<\/div>\n\t\t\t\t\t<\/div><\/div>\r\n\t\t<\/section>\r\n\t\t\t\t<section class=\"elementor-section elementor-top-section elementor-element elementor-element-df1eaca elementor-section-boxed elementor-section-height-default elementor-section-height-default\" data-id=\"df1eaca\" data-element_type=\"section\" data-e-type=\"section\">\r\n\t\t\t\t\t\t<div class=\"elementor-container elementor-column-gap-thegem\"><div class=\"elementor-row\">\r\n\t\t\t\t\t<div class=\"elementor-column elementor-col-100 elementor-top-column elementor-element elementor-element-c0d2cdd\" data-id=\"c0d2cdd\" data-element_type=\"column\" data-e-type=\"column\">\n\t\t\t<div class=\"elementor-widget-wrap elementor-element-populated\">\n\t\t\t\t\t\t<div class=\"elementor-element elementor-element-5bfbe08 elementor-arrows-position-inside elementor-pagination-position-outside flex-horizontal-align-default flex-horizontal-align-tablet-default flex-horizontal-align-mobile-default flex-vertical-align-default flex-vertical-align-tablet-default flex-vertical-align-mobile-default elementor-widget elementor-widget-image-carousel\" data-id=\"5bfbe08\" data-element_type=\"widget\" data-e-type=\"widget\" data-settings=\"{&quot;slides_to_show&quot;:&quot;1&quot;,&quot;autoplay_speed&quot;:8000,&quot;speed&quot;:800,&quot;navigation&quot;:&quot;both&quot;,&quot;autoplay&quot;:&quot;yes&quot;,&quot;pause_on_hover&quot;:&quot;yes&quot;,&quot;pause_on_interaction&quot;:&quot;yes&quot;,&quot;infinite&quot;:&quot;yes&quot;,&quot;effect&quot;:&quot;slide&quot;}\" data-widget_type=\"image-carousel.default\">\n\t\t\t\t<div class=\"elementor-widget-container\">\n\t\t\t\t\t\t\t<div class=\"elementor-image-carousel-wrapper swiper\" role=\"region\" aria-roledescription=\"carousel\" aria-label=\"Image Carousel\" dir=\"ltr\">\n\t\t\t<div class=\"elementor-image-carousel swiper-wrapper\" aria-live=\"off\">\n\t\t\t\t\t\t\t\t<div class=\"swiper-slide\" role=\"group\" aria-roledescription=\"slide\" aria-label=\"1 von 2\"><figure class=\"swiper-slide-inner\"><img class=\"swiper-slide-image\" src=\"https:\/\/casinoji.si\/wp-content\/uploads\/2026\/03\/1-7.png\" alt=\"1\" \/><\/figure><\/div><div class=\"swiper-slide\" role=\"group\" aria-roledescription=\"slide\" aria-label=\"2 von 2\"><figure class=\"swiper-slide-inner\"><img class=\"swiper-slide-image\" src=\"https:\/\/casinoji.si\/wp-content\/uploads\/2026\/03\/2-10.png\" alt=\"2\" \/><\/figure><\/div>\t\t\t<\/div>\n\t\t\t\t\t\t\t\t\t\t\t\t<div class=\"elementor-swiper-button elementor-swiper-button-prev\" role=\"button\" tabindex=\"0\">\n\t\t\t\t\t\t<i aria-hidden=\"true\" class=\"eicon-chevron-left\"><\/i>\t\t\t\t\t<\/div>\n\t\t\t\t\t<div class=\"elementor-swiper-button elementor-swiper-button-next\" role=\"button\" tabindex=\"0\">\n\t\t\t\t\t\t<i aria-hidden=\"true\" class=\"eicon-chevron-right\"><\/i>\t\t\t\t\t<\/div>\n\t\t\t\t\n\t\t\t\t\t\t\t\t\t<div class=\"swiper-pagination\"><\/div>\n\t\t\t\t\t\t\t\t\t<\/div>\n\t\t\t\t\t\t<\/div>\n\t\t\t\t<\/div>\n\t\t\t\t\t<\/div>\n\t\t<\/div>\n\t\t\t\t\t<\/div><\/div>\r\n\t\t<\/section>\r\n\t\t\t\t<section class=\"elementor-section elementor-top-section elementor-element elementor-element-2e607bc elementor-section-boxed elementor-section-height-default elementor-section-height-default\" data-id=\"2e607bc\" data-element_type=\"section\" data-e-type=\"section\">\r\n\t\t\t\t\t\t<div class=\"elementor-container elementor-column-gap-thegem\"><div class=\"elementor-row\">\r\n\t\t\t\t\t<div class=\"elementor-column elementor-col-100 elementor-top-column elementor-element elementor-element-35c76388\" data-id=\"35c76388\" data-element_type=\"column\" data-e-type=\"column\">\n\t\t\t<div class=\"elementor-widget-wrap\">\n\t\t\t\t\t\t\t<\/div>\n\t\t<\/div>\n\t\t\t\t\t<\/div><\/div>\r\n\t\t<\/section>\r\n\t\t\t\t<\/div>\n\t\t","protected":false},"excerpt":{"rendered":"<p>spezial men\u00fc \u00a0 Gourmet night: Hello spring! in Zusammenarbeit mit dem Weingut Santomas Der Fr\u00fchling bringt Frische, Leichtigkeit und neue&#8230;<\/p>\n","protected":false},"author":1,"featured_media":20352,"parent":6913,"menu_order":0,"comment_status":"closed","ping_status":"closed","template":"page-fullwidth.php","meta":{"footnotes":""},"class_list":["post-21150","page","type-page","status-publish","has-post-thumbnail"],"yoast_head":"<!-- This site is optimized with the Yoast SEO plugin v27.4 - https:\/\/yoast.com\/product\/yoast-seo-wordpress\/ -->\n<title>Spezial men\u00fc - Casino<\/title>\n<meta name=\"description\" content=\"In unserem renommierten Sol Privee Restaurant im Casino verw\u00f6hnen wir Sie mit besonderen Men\u00fcs, saisonalen Zutaten und kreativen kulinarischen Erlebnissen.\" \/>\n<meta name=\"robots\" content=\"index, follow, max-snippet:-1, max-image-preview:large, max-video-preview:-1\" \/>\n<link rel=\"canonical\" href=\"https:\/\/casinoji.si\/de\/portoroz\/restaurant_sol_privee\/spezial-menue\/\" \/>\n<meta property=\"og:locale\" content=\"de_DE\" \/>\n<meta property=\"og:type\" content=\"article\" \/>\n<meta property=\"og:title\" content=\"Spezial men\u00fc\" \/>\n<meta property=\"og:description\" content=\"In unserem renommierten Sol Privee Restaurant im Casino verw\u00f6hnen wir Sie mit besonderen Men\u00fcs, saisonalen Zutaten und kreativen kulinarischen Erlebnissen.\" \/>\n<meta property=\"og:url\" content=\"https:\/\/casinoji.si\/de\/portoroz\/restaurant_sol_privee\/spezial-menue\/\" \/>\n<meta property=\"og:site_name\" content=\"Casino\" \/>\n<meta property=\"article:modified_time\" content=\"2026-03-26T10:58:42+00:00\" \/>\n<meta property=\"og:image\" content=\"https:\/\/casinoji.si\/wp-content\/uploads\/2025\/05\/089A4524-scaled.jpg\" \/>\n\t<meta property=\"og:image:width\" content=\"1707\" \/>\n\t<meta property=\"og:image:height\" content=\"2560\" \/>\n\t<meta property=\"og:image:type\" content=\"image\/jpeg\" \/>\n<meta name=\"twitter:card\" content=\"summary_large_image\" \/>\n<meta name=\"twitter:label1\" content=\"Gesch\u00e4tzte Lesezeit\" \/>\n\t<meta name=\"twitter:data1\" content=\"2\u00a0Minuten\" \/>\n<script type=\"application\/ld+json\" class=\"yoast-schema-graph\">{\"@context\":\"https:\\\/\\\/schema.org\",\"@graph\":[{\"@type\":\"WebPage\",\"@id\":\"https:\\\/\\\/casinoji.si\\\/de\\\/portoroz\\\/restaurant_sol_privee\\\/spezial-menue\\\/\",\"url\":\"https:\\\/\\\/casinoji.si\\\/de\\\/portoroz\\\/restaurant_sol_privee\\\/spezial-menue\\\/\",\"name\":\"Spezial men\u00fc - Casino\",\"isPartOf\":{\"@id\":\"https:\\\/\\\/casinoji.si\\\/de\\\/#website\"},\"primaryImageOfPage\":{\"@id\":\"https:\\\/\\\/casinoji.si\\\/de\\\/portoroz\\\/restaurant_sol_privee\\\/spezial-menue\\\/#primaryimage\"},\"image\":{\"@id\":\"https:\\\/\\\/casinoji.si\\\/de\\\/portoroz\\\/restaurant_sol_privee\\\/spezial-menue\\\/#primaryimage\"},\"thumbnailUrl\":\"https:\\\/\\\/casinoji.si\\\/wp-content\\\/uploads\\\/2025\\\/05\\\/089A4524-scaled.jpg\",\"datePublished\":\"2025-05-09T16:35:40+00:00\",\"dateModified\":\"2026-03-26T10:58:42+00:00\",\"description\":\"In unserem renommierten Sol Privee Restaurant im Casino verw\u00f6hnen wir Sie mit besonderen Men\u00fcs, saisonalen Zutaten und kreativen kulinarischen Erlebnissen.\",\"breadcrumb\":{\"@id\":\"https:\\\/\\\/casinoji.si\\\/de\\\/portoroz\\\/restaurant_sol_privee\\\/spezial-menue\\\/#breadcrumb\"},\"inLanguage\":\"de\",\"potentialAction\":[{\"@type\":\"ReadAction\",\"target\":[\"https:\\\/\\\/casinoji.si\\\/de\\\/portoroz\\\/restaurant_sol_privee\\\/spezial-menue\\\/\"]}]},{\"@type\":\"ImageObject\",\"inLanguage\":\"de\",\"@id\":\"https:\\\/\\\/casinoji.si\\\/de\\\/portoroz\\\/restaurant_sol_privee\\\/spezial-menue\\\/#primaryimage\",\"url\":\"https:\\\/\\\/casinoji.si\\\/wp-content\\\/uploads\\\/2025\\\/05\\\/089A4524-scaled.jpg\",\"contentUrl\":\"https:\\\/\\\/casinoji.si\\\/wp-content\\\/uploads\\\/2025\\\/05\\\/089A4524-scaled.jpg\",\"width\":1707,\"height\":2560},{\"@type\":\"BreadcrumbList\",\"@id\":\"https:\\\/\\\/casinoji.si\\\/de\\\/portoroz\\\/restaurant_sol_privee\\\/spezial-menue\\\/#breadcrumb\",\"itemListElement\":[{\"@type\":\"ListItem\",\"position\":1,\"name\":\"Home\",\"item\":\"https:\\\/\\\/casinoji.si\\\/de\\\/\"},{\"@type\":\"ListItem\",\"position\":2,\"name\":\"Portoro\u017e\",\"item\":\"https:\\\/\\\/casinoji.si\\\/de\\\/portoroz\\\/\"},{\"@type\":\"ListItem\",\"position\":3,\"name\":\"RESTAVRACIJA\",\"item\":\"https:\\\/\\\/casinoji.si\\\/de\\\/portoroz\\\/restaurant_sol_privee\\\/\"},{\"@type\":\"ListItem\",\"position\":4,\"name\":\"Spezial men\u00fc\"}]},{\"@type\":\"WebSite\",\"@id\":\"https:\\\/\\\/casinoji.si\\\/de\\\/#website\",\"url\":\"https:\\\/\\\/casinoji.si\\\/de\\\/\",\"name\":\"Casino\",\"description\":\"Portoro\u017e, Lipica, Mons Ljubljana\",\"potentialAction\":[{\"@type\":\"SearchAction\",\"target\":{\"@type\":\"EntryPoint\",\"urlTemplate\":\"https:\\\/\\\/casinoji.si\\\/de\\\/?s={search_term_string}\"},\"query-input\":{\"@type\":\"PropertyValueSpecification\",\"valueRequired\":true,\"valueName\":\"search_term_string\"}}],\"inLanguage\":\"de\"}]}<\/script>\n<!-- \/ Yoast SEO plugin. -->","yoast_head_json":{"title":"Spezial men\u00fc - Casino","description":"In unserem renommierten Sol Privee Restaurant im Casino verw\u00f6hnen wir Sie mit besonderen Men\u00fcs, saisonalen Zutaten und kreativen kulinarischen Erlebnissen.","robots":{"index":"index","follow":"follow","max-snippet":"max-snippet:-1","max-image-preview":"max-image-preview:large","max-video-preview":"max-video-preview:-1"},"canonical":"https:\/\/casinoji.si\/de\/portoroz\/restaurant_sol_privee\/spezial-menue\/","og_locale":"de_DE","og_type":"article","og_title":"Spezial men\u00fc","og_description":"In unserem renommierten Sol Privee Restaurant im Casino verw\u00f6hnen wir Sie mit besonderen Men\u00fcs, saisonalen Zutaten und kreativen kulinarischen Erlebnissen.","og_url":"https:\/\/casinoji.si\/de\/portoroz\/restaurant_sol_privee\/spezial-menue\/","og_site_name":"Casino","article_modified_time":"2026-03-26T10:58:42+00:00","og_image":[{"width":1707,"height":2560,"url":"https:\/\/casinoji.si\/wp-content\/uploads\/2025\/05\/089A4524-scaled.jpg","type":"image\/jpeg"}],"twitter_card":"summary_large_image","twitter_misc":{"Gesch\u00e4tzte Lesezeit":"2\u00a0Minuten"},"schema":{"@context":"https:\/\/schema.org","@graph":[{"@type":"WebPage","@id":"https:\/\/casinoji.si\/de\/portoroz\/restaurant_sol_privee\/spezial-menue\/","url":"https:\/\/casinoji.si\/de\/portoroz\/restaurant_sol_privee\/spezial-menue\/","name":"Spezial men\u00fc - Casino","isPartOf":{"@id":"https:\/\/casinoji.si\/de\/#website"},"primaryImageOfPage":{"@id":"https:\/\/casinoji.si\/de\/portoroz\/restaurant_sol_privee\/spezial-menue\/#primaryimage"},"image":{"@id":"https:\/\/casinoji.si\/de\/portoroz\/restaurant_sol_privee\/spezial-menue\/#primaryimage"},"thumbnailUrl":"https:\/\/casinoji.si\/wp-content\/uploads\/2025\/05\/089A4524-scaled.jpg","datePublished":"2025-05-09T16:35:40+00:00","dateModified":"2026-03-26T10:58:42+00:00","description":"In unserem renommierten Sol Privee Restaurant im Casino verw\u00f6hnen wir Sie mit besonderen Men\u00fcs, saisonalen Zutaten und kreativen kulinarischen Erlebnissen.","breadcrumb":{"@id":"https:\/\/casinoji.si\/de\/portoroz\/restaurant_sol_privee\/spezial-menue\/#breadcrumb"},"inLanguage":"de","potentialAction":[{"@type":"ReadAction","target":["https:\/\/casinoji.si\/de\/portoroz\/restaurant_sol_privee\/spezial-menue\/"]}]},{"@type":"ImageObject","inLanguage":"de","@id":"https:\/\/casinoji.si\/de\/portoroz\/restaurant_sol_privee\/spezial-menue\/#primaryimage","url":"https:\/\/casinoji.si\/wp-content\/uploads\/2025\/05\/089A4524-scaled.jpg","contentUrl":"https:\/\/casinoji.si\/wp-content\/uploads\/2025\/05\/089A4524-scaled.jpg","width":1707,"height":2560},{"@type":"BreadcrumbList","@id":"https:\/\/casinoji.si\/de\/portoroz\/restaurant_sol_privee\/spezial-menue\/#breadcrumb","itemListElement":[{"@type":"ListItem","position":1,"name":"Home","item":"https:\/\/casinoji.si\/de\/"},{"@type":"ListItem","position":2,"name":"Portoro\u017e","item":"https:\/\/casinoji.si\/de\/portoroz\/"},{"@type":"ListItem","position":3,"name":"RESTAVRACIJA","item":"https:\/\/casinoji.si\/de\/portoroz\/restaurant_sol_privee\/"},{"@type":"ListItem","position":4,"name":"Spezial men\u00fc"}]},{"@type":"WebSite","@id":"https:\/\/casinoji.si\/de\/#website","url":"https:\/\/casinoji.si\/de\/","name":"Casino","description":"Portoro\u017e, Lipica, Mons Ljubljana","potentialAction":[{"@type":"SearchAction","target":{"@type":"EntryPoint","urlTemplate":"https:\/\/casinoji.si\/de\/?s={search_term_string}"},"query-input":{"@type":"PropertyValueSpecification","valueRequired":true,"valueName":"search_term_string"}}],"inLanguage":"de"}]}},"jetpack_sharing_enabled":true,"_links":{"self":[{"href":"https:\/\/casinoji.si\/de\/wp-json\/wp\/v2\/pages\/21150","targetHints":{"allow":["GET"]}}],"collection":[{"href":"https:\/\/casinoji.si\/de\/wp-json\/wp\/v2\/pages"}],"about":[{"href":"https:\/\/casinoji.si\/de\/wp-json\/wp\/v2\/types\/page"}],"author":[{"embeddable":true,"href":"https:\/\/casinoji.si\/de\/wp-json\/wp\/v2\/users\/1"}],"replies":[{"embeddable":true,"href":"https:\/\/casinoji.si\/de\/wp-json\/wp\/v2\/comments?post=21150"}],"version-history":[{"count":29,"href":"https:\/\/casinoji.si\/de\/wp-json\/wp\/v2\/pages\/21150\/revisions"}],"predecessor-version":[{"id":32911,"href":"https:\/\/casinoji.si\/de\/wp-json\/wp\/v2\/pages\/21150\/revisions\/32911"}],"up":[{"embeddable":true,"href":"https:\/\/casinoji.si\/de\/wp-json\/wp\/v2\/pages\/6913"}],"wp:featuredmedia":[{"embeddable":true,"href":"https:\/\/casinoji.si\/de\/wp-json\/wp\/v2\/media\/20352"}],"wp:attachment":[{"href":"https:\/\/casinoji.si\/de\/wp-json\/wp\/v2\/media?parent=21150"}],"curies":[{"name":"wp","href":"https:\/\/api.w.org\/{rel}","templated":true}]}}