{"id":32366,"date":"2026-03-09T15:53:25","date_gmt":"2026-03-09T14:53:25","guid":{"rendered":"https:\/\/casinoji.si\/lipica\/casino\/open-air-casino\/"},"modified":"2026-03-09T16:35:53","modified_gmt":"2026-03-09T15:35:53","slug":"open-air-casino","status":"publish","type":"page","link":"https:\/\/casinoji.si\/de\/lipica\/casino\/open-air-casino\/","title":{"rendered":"OPEN AIR CASINO"},"content":{"rendered":"\t\t<div data-elementor-type=\"wp-page\" data-elementor-id=\"32366\" class=\"elementor elementor-32366 elementor-32363\">\n\t\t\t\t\t\t<section class=\"elementor-section elementor-top-section elementor-element elementor-element-17b51600 elementor-section-boxed elementor-section-height-default elementor-section-height-default\" data-id=\"17b51600\" data-element_type=\"section\" data-e-type=\"section\" data-settings=\"{&quot;background_background&quot;:&quot;classic&quot;}\">\r\n\t\t\t\t\t\t<div class=\"elementor-container elementor-column-gap-thegem\"><div class=\"elementor-row\">\r\n\t\t\t\t\t<div class=\"elementor-column elementor-col-100 elementor-top-column elementor-element elementor-element-70bc123f\" data-id=\"70bc123f\" data-element_type=\"column\" data-e-type=\"column\">\n\t\t\t<div class=\"elementor-widget-wrap elementor-element-populated\">\n\t\t\t\t\t\t<div class=\"elementor-element elementor-element-525943a6 flex-horizontal-align-default flex-horizontal-align-tablet-default flex-horizontal-align-mobile-default flex-vertical-align-default flex-vertical-align-tablet-default flex-vertical-align-mobile-default elementor-widget elementor-widget-text-editor\" data-id=\"525943a6\" data-element_type=\"widget\" data-e-type=\"widget\" data-widget_type=\"text-editor.default\">\n\t\t\t\t<div class=\"elementor-widget-container\">\n\t\t\t\t\t\t\t\t\t\t\t\t<div class=\"elementor-text-editor elementor-clearfix\">\r\n\t\t\t\t\t\t<h2 data-path-to-node=\"2\"><b data-path-to-node=\"2\" data-index-in-node=\"0\">Open Air Casino \u2013 Gaming unter den Sternen<\/b><\/h2><h3 data-path-to-node=\"3\"><b data-path-to-node=\"3\" data-index-in-node=\"0\">Erleben Sie eine einzigartige Kombination aus Natur und Adrenalin auf unserer exklusiven Terrasse.<\/b><\/h3><p data-path-to-node=\"4\">Im Grand Casino Lipica haben wir das Spielerlebnis auf ein ganz neues Niveau gehoben. F\u00fcr alle, die ihr Spiel an der frischen Karstluft genie\u00dfen m\u00f6chten, haben wir das <b data-path-to-node=\"4\" data-index-in-node=\"168\">Open Air Casino<\/b> er\u00f6ffnet \u2013 eine moderne Au\u00dfenterrasse, die die Ruhe der Natur mit der Aufregung eines erstklassigen Casinos verbindet.<\/p><h3 data-path-to-node=\"5\"><b data-path-to-node=\"5\" data-index-in-node=\"0\">Was erwartet Sie auf der Terrasse?<\/b><\/h3><p data-path-to-node=\"6\">Unser Au\u00dfenbereich ist nicht nur ein Ort f\u00fcr Raucher, sondern ein wahres Ziel f\u00fcr Liebhaber modernster Unterhaltung:<\/p><ul data-path-to-node=\"7\"><li><p data-path-to-node=\"7,0,0\"><b data-path-to-node=\"7,0,0\" data-index-in-node=\"0\">37 hochmoderne Spielautomaten:<\/b> Fordern Sie Ihr Gl\u00fcck an den neuesten Ger\u00e4ten weltweit f\u00fchrender Hersteller heraus \u2013 mit beeindruckender Grafik und attraktiven Boni.<\/p><\/li><li><p data-path-to-node=\"7,1,0\"><b data-path-to-node=\"7,1,0\" data-index-in-node=\"0\">Spielvergn\u00fcgen an der frischen Luft:<\/b> Lassen Sie geschlossene R\u00e4ume hinter sich. Genie\u00dfen Sie das milde mediterrane Klima und den Blick auf die Landschaft von Lipica, w\u00e4hrend Sie auf Ihren n\u00e4chsten &#8222;Jackpot&#8220; warten.<\/p><\/li><li><p data-path-to-node=\"7,2,0\"><b data-path-to-node=\"7,2,0\" data-index-in-node=\"0\">Ambiente nach Ma\u00df:<\/b> Die Terrasse ist so konzipiert, dass sie zu jeder Jahreszeit maximalen Komfort bietet, erg\u00e4nzt durch stilvolle Beleuchtung und eine entspannte Atmosph\u00e4re.<\/p><\/li><li><p data-path-to-node=\"7,3,0\"><b data-path-to-node=\"7,3,0\" data-index-in-node=\"0\">Barrierefreiheit:<\/b> Das Open Air Casino ist direkt mit dem Hauptspielsaal verbunden, was einen nahtlosen Wechsel zwischen den verschiedenen Spielwelten erm\u00f6glicht.<\/p><\/li><\/ul><blockquote data-path-to-node=\"8\"><p data-path-to-node=\"8,0\"><b data-path-to-node=\"8,0\" data-index-in-node=\"0\">Genie\u00dfen Sie die Freiheit der Bewegung und spielen Sie dort, wo Natur auf Eleganz trifft.<\/b><\/p><\/blockquote><h3 data-path-to-node=\"9\"><b data-path-to-node=\"9\" data-index-in-node=\"0\">Warum das Open Air Casino in Lipica besuchen?<\/b><\/h3><ol start=\"1\" data-path-to-node=\"10\"><li><p data-path-to-node=\"10,0,0\"><b data-path-to-node=\"10,0,0\" data-index-in-node=\"0\">Einzigartige Lage:<\/b> Das einzige echte &#8222;Open Air&#8220;-Gef\u00fchl im Herzen der Karstregion.<\/p><\/li><li><p data-path-to-node=\"10,1,0\"><b data-path-to-node=\"10,1,0\" data-index-in-node=\"0\">Spitzentechnologie:<\/b> Trotz des Au\u00dfenambientes entsprechen die Automaten der h\u00f6chsten technologischen Klasse.<\/p><\/li><li><p data-path-to-node=\"10,2,0\"><b data-path-to-node=\"10,2,0\" data-index-in-node=\"0\">Entspanntes Beisammensein:<\/b> Ideal f\u00fcr alle, die Diskretion ebenso sch\u00e4tzen wie offene, luftige R\u00e4ume.<\/p><\/li><\/ol><p data-path-to-node=\"11\"><b data-path-to-node=\"11\" data-index-in-node=\"0\">Wir laden Sie herzlich ein, Ihr Gl\u00fcck unter freiem Himmel zu versuchen!<\/b><\/p>\t\t\t\t\t\t\t<\/div>\r\n\t\t\t\t\t\t\t\t\t\t<\/div>\n\t\t\t\t<\/div>\n\t\t\t\t\t<\/div>\n\t\t<\/div>\n\t\t\t\t\t<\/div><\/div>\r\n\t\t<\/section>\r\n\t\t\t\t<\/div>\n\t\t","protected":false},"excerpt":{"rendered":"<p>Open Air Casino \u2013 Gaming unter den Sternen Erleben Sie eine einzigartige Kombination aus Natur und Adrenalin auf unserer exklusiven&#8230;<\/p>\n","protected":false},"author":3,"featured_media":0,"parent":3700,"menu_order":0,"comment_status":"closed","ping_status":"closed","template":"page-fullwidth.php","meta":{"footnotes":""},"class_list":["post-32366","page","type-page","status-publish"],"yoast_head":"<!-- This site is optimized with the Yoast SEO plugin v27.4 - https:\/\/yoast.com\/product\/yoast-seo-wordpress\/ -->\n<title>Open Air Casino Lipica | Gl\u00fccksspiel im Freien | Grand Casino<\/title>\n<meta name=\"description\" content=\"Erleben Sie das Open Air Casino im Grand Casino Lipica. 37 modernste Spielautomaten auf unserer Au\u00dfenterrasse im Herzen des Karsts. Jetzt unter Sternen spielen!\" \/>\n<meta name=\"robots\" content=\"index, follow, max-snippet:-1, max-image-preview:large, max-video-preview:-1\" \/>\n<link rel=\"canonical\" href=\"https:\/\/casinoji.si\/de\/lipica\/casino\/open-air-casino\/\" \/>\n<meta property=\"og:locale\" content=\"de_DE\" \/>\n<meta property=\"og:type\" content=\"article\" \/>\n<meta property=\"og:title\" content=\"Open Air Casino Lipica | Gl\u00fccksspiel im Freien | Grand Casino\" \/>\n<meta property=\"og:description\" content=\"Erleben Sie das Open Air Casino im Grand Casino Lipica. 37 modernste Spielautomaten auf unserer Au\u00dfenterrasse im Herzen des Karsts. Jetzt unter Sternen spielen!\" \/>\n<meta property=\"og:url\" content=\"https:\/\/casinoji.si\/de\/lipica\/casino\/open-air-casino\/\" \/>\n<meta property=\"og:site_name\" content=\"Casino\" \/>\n<meta property=\"article:modified_time\" content=\"2026-03-09T15:35:53+00:00\" \/>\n<meta name=\"twitter:card\" content=\"summary_large_image\" \/>\n<meta name=\"twitter:label1\" content=\"Gesch\u00e4tzte Lesezeit\" \/>\n\t<meta name=\"twitter:data1\" content=\"2\u00a0Minuten\" \/>\n<script type=\"application\/ld+json\" class=\"yoast-schema-graph\">{\"@context\":\"https:\\\/\\\/schema.org\",\"@graph\":[{\"@type\":\"WebPage\",\"@id\":\"https:\\\/\\\/casinoji.si\\\/de\\\/lipica\\\/casino\\\/open-air-casino\\\/\",\"url\":\"https:\\\/\\\/casinoji.si\\\/de\\\/lipica\\\/casino\\\/open-air-casino\\\/\",\"name\":\"Open Air Casino Lipica | Gl\u00fccksspiel im Freien | Grand Casino\",\"isPartOf\":{\"@id\":\"https:\\\/\\\/casinoji.si\\\/de\\\/#website\"},\"datePublished\":\"2026-03-09T14:53:25+00:00\",\"dateModified\":\"2026-03-09T15:35:53+00:00\",\"description\":\"Erleben Sie das Open Air Casino im Grand Casino Lipica. 37 modernste Spielautomaten auf unserer Au\u00dfenterrasse im Herzen des Karsts. Jetzt unter Sternen spielen!\",\"breadcrumb\":{\"@id\":\"https:\\\/\\\/casinoji.si\\\/de\\\/lipica\\\/casino\\\/open-air-casino\\\/#breadcrumb\"},\"inLanguage\":\"de\",\"potentialAction\":[{\"@type\":\"ReadAction\",\"target\":[\"https:\\\/\\\/casinoji.si\\\/de\\\/lipica\\\/casino\\\/open-air-casino\\\/\"]}]},{\"@type\":\"BreadcrumbList\",\"@id\":\"https:\\\/\\\/casinoji.si\\\/de\\\/lipica\\\/casino\\\/open-air-casino\\\/#breadcrumb\",\"itemListElement\":[{\"@type\":\"ListItem\",\"position\":1,\"name\":\"Home\",\"item\":\"https:\\\/\\\/casinoji.si\\\/de\\\/\"},{\"@type\":\"ListItem\",\"position\":2,\"name\":\"Lipica\",\"item\":\"https:\\\/\\\/casinoji.si\\\/de\\\/lipica\\\/\"},{\"@type\":\"ListItem\",\"position\":3,\"name\":\"CASINO\",\"item\":\"https:\\\/\\\/casinoji.si\\\/de\\\/lipica\\\/casino\\\/\"},{\"@type\":\"ListItem\",\"position\":4,\"name\":\"OPEN AIR CASINO\"}]},{\"@type\":\"WebSite\",\"@id\":\"https:\\\/\\\/casinoji.si\\\/de\\\/#website\",\"url\":\"https:\\\/\\\/casinoji.si\\\/de\\\/\",\"name\":\"Casino\",\"description\":\"Portoro\u017e, Lipica, Mons Ljubljana\",\"potentialAction\":[{\"@type\":\"SearchAction\",\"target\":{\"@type\":\"EntryPoint\",\"urlTemplate\":\"https:\\\/\\\/casinoji.si\\\/de\\\/?s={search_term_string}\"},\"query-input\":{\"@type\":\"PropertyValueSpecification\",\"valueRequired\":true,\"valueName\":\"search_term_string\"}}],\"inLanguage\":\"de\"}]}<\/script>\n<!-- \/ Yoast SEO plugin. -->","yoast_head_json":{"title":"Open Air Casino Lipica | Gl\u00fccksspiel im Freien | Grand Casino","description":"Erleben Sie das Open Air Casino im Grand Casino Lipica. 37 modernste Spielautomaten auf unserer Au\u00dfenterrasse im Herzen des Karsts. Jetzt unter Sternen spielen!","robots":{"index":"index","follow":"follow","max-snippet":"max-snippet:-1","max-image-preview":"max-image-preview:large","max-video-preview":"max-video-preview:-1"},"canonical":"https:\/\/casinoji.si\/de\/lipica\/casino\/open-air-casino\/","og_locale":"de_DE","og_type":"article","og_title":"Open Air Casino Lipica | Gl\u00fccksspiel im Freien | Grand Casino","og_description":"Erleben Sie das Open Air Casino im Grand Casino Lipica. 37 modernste Spielautomaten auf unserer Au\u00dfenterrasse im Herzen des Karsts. Jetzt unter Sternen spielen!","og_url":"https:\/\/casinoji.si\/de\/lipica\/casino\/open-air-casino\/","og_site_name":"Casino","article_modified_time":"2026-03-09T15:35:53+00:00","twitter_card":"summary_large_image","twitter_misc":{"Gesch\u00e4tzte Lesezeit":"2\u00a0Minuten"},"schema":{"@context":"https:\/\/schema.org","@graph":[{"@type":"WebPage","@id":"https:\/\/casinoji.si\/de\/lipica\/casino\/open-air-casino\/","url":"https:\/\/casinoji.si\/de\/lipica\/casino\/open-air-casino\/","name":"Open Air Casino Lipica | Gl\u00fccksspiel im Freien | Grand Casino","isPartOf":{"@id":"https:\/\/casinoji.si\/de\/#website"},"datePublished":"2026-03-09T14:53:25+00:00","dateModified":"2026-03-09T15:35:53+00:00","description":"Erleben Sie das Open Air Casino im Grand Casino Lipica. 37 modernste Spielautomaten auf unserer Au\u00dfenterrasse im Herzen des Karsts. Jetzt unter Sternen spielen!","breadcrumb":{"@id":"https:\/\/casinoji.si\/de\/lipica\/casino\/open-air-casino\/#breadcrumb"},"inLanguage":"de","potentialAction":[{"@type":"ReadAction","target":["https:\/\/casinoji.si\/de\/lipica\/casino\/open-air-casino\/"]}]},{"@type":"BreadcrumbList","@id":"https:\/\/casinoji.si\/de\/lipica\/casino\/open-air-casino\/#breadcrumb","itemListElement":[{"@type":"ListItem","position":1,"name":"Home","item":"https:\/\/casinoji.si\/de\/"},{"@type":"ListItem","position":2,"name":"Lipica","item":"https:\/\/casinoji.si\/de\/lipica\/"},{"@type":"ListItem","position":3,"name":"CASINO","item":"https:\/\/casinoji.si\/de\/lipica\/casino\/"},{"@type":"ListItem","position":4,"name":"OPEN AIR CASINO"}]},{"@type":"WebSite","@id":"https:\/\/casinoji.si\/de\/#website","url":"https:\/\/casinoji.si\/de\/","name":"Casino","description":"Portoro\u017e, Lipica, Mons Ljubljana","potentialAction":[{"@type":"SearchAction","target":{"@type":"EntryPoint","urlTemplate":"https:\/\/casinoji.si\/de\/?s={search_term_string}"},"query-input":{"@type":"PropertyValueSpecification","valueRequired":true,"valueName":"search_term_string"}}],"inLanguage":"de"}]}},"jetpack_sharing_enabled":true,"_links":{"self":[{"href":"https:\/\/casinoji.si\/de\/wp-json\/wp\/v2\/pages\/32366","targetHints":{"allow":["GET"]}}],"collection":[{"href":"https:\/\/casinoji.si\/de\/wp-json\/wp\/v2\/pages"}],"about":[{"href":"https:\/\/casinoji.si\/de\/wp-json\/wp\/v2\/types\/page"}],"author":[{"embeddable":true,"href":"https:\/\/casinoji.si\/de\/wp-json\/wp\/v2\/users\/3"}],"replies":[{"embeddable":true,"href":"https:\/\/casinoji.si\/de\/wp-json\/wp\/v2\/comments?post=32366"}],"version-history":[{"count":7,"href":"https:\/\/casinoji.si\/de\/wp-json\/wp\/v2\/pages\/32366\/revisions"}],"predecessor-version":[{"id":32403,"href":"https:\/\/casinoji.si\/de\/wp-json\/wp\/v2\/pages\/32366\/revisions\/32403"}],"up":[{"embeddable":true,"href":"https:\/\/casinoji.si\/de\/wp-json\/wp\/v2\/pages\/3700"}],"wp:attachment":[{"href":"https:\/\/casinoji.si\/de\/wp-json\/wp\/v2\/media?parent=32366"}],"curies":[{"name":"wp","href":"https:\/\/api.w.org\/{rel}","templated":true}]}}