{"id":20872,"date":"2025-05-09T18:23:44","date_gmt":"2025-05-09T16:23:44","guid":{"rendered":"https:\/\/casinoji.si\/portoroz\/ristorante_sol_privee\/ekipa\/"},"modified":"2025-09-28T17:12:28","modified_gmt":"2025-09-28T15:12:28","slug":"squadra","status":"publish","type":"page","link":"https:\/\/casinoji.si\/it\/portoroz\/ristorante_sol_privee\/squadra\/","title":{"rendered":"Squadra"},"content":{"rendered":"\t\t<div data-elementor-type=\"wp-page\" data-elementor-id=\"20872\" class=\"elementor elementor-20872 elementor-20111\">\n\t\t\t\t\t\t<section class=\"elementor-section elementor-top-section elementor-element elementor-element-d34b92 elementor-section-full_width elementor-section-height-default elementor-section-height-default\" data-id=\"d34b92\" data-element_type=\"section\" data-e-type=\"section\">\r\n\t\t\t\t\t\t<div class=\"elementor-container elementor-column-gap-no\"><div class=\"elementor-row\">\r\n\t\t\t\t\t<div class=\"elementor-column elementor-col-100 elementor-top-column elementor-element elementor-element-45e40c4e\" data-id=\"45e40c4e\" data-element_type=\"column\" data-e-type=\"column\">\n\t\t\t<div class=\"elementor-widget-wrap elementor-element-populated\">\n\t\t\t\t\t\t<div class=\"elementor-element elementor-element-2f11bf00 elementor-arrows-position-inside flex-horizontal-align-default flex-horizontal-align-tablet-default flex-horizontal-align-mobile-default flex-vertical-align-default flex-vertical-align-tablet-default flex-vertical-align-mobile-default elementor-widget elementor-widget-image-carousel\" data-id=\"2f11bf00\" data-element_type=\"widget\" data-e-type=\"widget\" data-settings=\"{&quot;slides_to_show&quot;:&quot;1&quot;,&quot;navigation&quot;:&quot;arrows&quot;,&quot;autoplay&quot;:&quot;yes&quot;,&quot;pause_on_hover&quot;:&quot;yes&quot;,&quot;pause_on_interaction&quot;:&quot;yes&quot;,&quot;autoplay_speed&quot;:5000,&quot;infinite&quot;:&quot;yes&quot;,&quot;effect&quot;:&quot;slide&quot;,&quot;speed&quot;:500}\" data-widget_type=\"image-carousel.default\">\n\t\t\t\t<div class=\"elementor-widget-container\">\n\t\t\t\t\t\t\t<div class=\"elementor-image-carousel-wrapper swiper\" role=\"region\" aria-roledescription=\"carousel\" aria-label=\"Image Carousel\" dir=\"ltr\">\n\t\t\t<div class=\"elementor-image-carousel swiper-wrapper swiper-image-stretch\" aria-live=\"off\">\n\t\t\t\t\t\t\t\t<div class=\"swiper-slide\" role=\"group\" aria-roledescription=\"slide\" aria-label=\"1 di 1\"><figure class=\"swiper-slide-inner\"><img class=\"swiper-slide-image\" src=\"https:\/\/casinoji.si\/wp-content\/uploads\/2025\/05\/Izdelek-brez-naslova.png\" alt=\"Izdelek brez naslova\" \/><\/figure><\/div>\t\t\t<\/div>\n\t\t\t\t\t<\/div>\n\t\t\t\t\t\t<\/div>\n\t\t\t\t<\/div>\n\t\t\t\t\t<\/div>\n\t\t<\/div>\n\t\t\t\t\t<\/div><\/div>\r\n\t\t<\/section>\r\n\t\t\t\t<section class=\"elementor-section elementor-top-section elementor-element elementor-element-19eac47 elementor-section-boxed elementor-section-height-default elementor-section-height-default\" data-id=\"19eac47\" data-element_type=\"section\" data-e-type=\"section\">\r\n\t\t\t\t\t\t<div class=\"elementor-container elementor-column-gap-thegem\"><div class=\"elementor-row\">\r\n\t\t\t\t\t<div class=\"elementor-column elementor-col-100 elementor-top-column elementor-element elementor-element-1948aa8\" data-id=\"1948aa8\" data-element_type=\"column\" data-e-type=\"column\">\n\t\t\t<div class=\"elementor-widget-wrap elementor-element-populated\">\n\t\t\t\t\t\t<section class=\"elementor-section elementor-inner-section elementor-element elementor-element-3a777d4 elementor-section-boxed elementor-section-height-default elementor-section-height-default\" data-id=\"3a777d4\" data-element_type=\"section\" data-e-type=\"section\">\r\n\t\t\t\t\t\t<div class=\"elementor-container elementor-column-gap-thegem\"><div class=\"elementor-row\">\r\n\t\t\t\t\t<div class=\"elementor-column elementor-col-50 elementor-inner-column elementor-element elementor-element-5f3c61c\" data-id=\"5f3c61c\" data-element_type=\"column\" data-e-type=\"column\">\n\t\t\t<div class=\"elementor-widget-wrap elementor-element-populated\">\n\t\t\t\t\t\t<div class=\"elementor-element elementor-element-c2cee59 flex-horizontal-align-default flex-horizontal-align-tablet-default flex-horizontal-align-mobile-default flex-vertical-align-default flex-vertical-align-tablet-default flex-vertical-align-mobile-default elementor-widget elementor-widget-image\" data-id=\"c2cee59\" data-element_type=\"widget\" data-e-type=\"widget\" data-widget_type=\"image.default\">\n\t\t\t\t<div class=\"elementor-widget-container\">\n\t\t\t\t\t\t\t\t\t\t\t\t\t\t\t<img fetchpriority=\"high\" width=\"1024\" height=\"879\" src=\"https:\/\/casinoji.si\/wp-content\/uploads\/2025\/05\/7-1024x879.png\" class=\"attachment-large size-large wp-image-20479\" alt=\"\" srcset=\"https:\/\/casinoji.si\/wp-content\/uploads\/2025\/05\/7-1024x879.png 1024w, https:\/\/casinoji.si\/wp-content\/uploads\/2025\/05\/7-300x258.png 300w, https:\/\/casinoji.si\/wp-content\/uploads\/2025\/05\/7-768x659.png 768w, https:\/\/casinoji.si\/wp-content\/uploads\/2025\/05\/7-1536x1319.png 1536w, https:\/\/casinoji.si\/wp-content\/uploads\/2025\/05\/7.png 1980w\" sizes=\"(max-width: 1024px) 100vw, 1024px\" \/>\t\t\t\t\t\t\t\t\t\t\t\t\t\t\t<\/div>\n\t\t\t\t<\/div>\n\t\t\t\t\t<\/div>\n\t\t<\/div>\n\t\t\t\t<div class=\"elementor-column elementor-col-50 elementor-inner-column elementor-element elementor-element-8d6dca3\" data-id=\"8d6dca3\" data-element_type=\"column\" data-e-type=\"column\">\n\t\t\t<div class=\"elementor-widget-wrap elementor-element-populated\">\n\t\t\t\t\t\t<div class=\"elementor-element elementor-element-2198411 flex-horizontal-align-default flex-horizontal-align-tablet-default flex-horizontal-align-mobile-default flex-vertical-align-default flex-vertical-align-tablet-default flex-vertical-align-mobile-default elementor-widget elementor-widget-heading\" data-id=\"2198411\" data-element_type=\"widget\" data-e-type=\"widget\" data-widget_type=\"heading.default\">\n\t\t\t\t<div class=\"elementor-widget-container\">\n\t\t\t\t\t<h2 class=\"elementor-heading-title elementor-size-default\">Responsabile di sala-simon per\u0161e<\/h2>\t\t\t\t<\/div>\n\t\t\t\t<\/div>\n\t\t\t\t<div class=\"elementor-element elementor-element-d88a539 flex-horizontal-align-default flex-horizontal-align-tablet-default flex-horizontal-align-mobile-default flex-vertical-align-default flex-vertical-align-tablet-default flex-vertical-align-mobile-default elementor-widget elementor-widget-text-editor\" data-id=\"d88a539\" data-element_type=\"widget\" data-e-type=\"widget\" data-widget_type=\"text-editor.default\">\n\t\t\t\t<div class=\"elementor-widget-container\">\n\t\t\t\t\t\t\t\t\t\t\t\t<div class=\"elementor-text-editor elementor-clearfix\">\r\n\t\t\t\t\t\t<p data-pm-slice=\"1 1 []\"><strong><span style=\"color: #ffffff;\"><em>Con un eccezionale senso per i dettagli, una profonda dedizione alla professione e anni di esperienza, il nostro reparto di ospitalit\u00e0 \u00e8 guidato da una persona che non \u00e8 solo un pratico esperto, ma anche un professionista pluripremiato. Il nostro responsabile di sala vanta numerosi riconoscimenti che testimoniano la sua eccellenza nel servizio, nella preparazione delle bevande e nell\u2019arte culinaria. Ad oggi ha ricevuto ben undici premi professionali in vari ambiti della gastronomia:<\/em><\/span><\/strong><\/p><p><strong><span style=\"color: #ffffff;\"><em>\u2013 2 medaglie d\u2019argento e 1 d\u2019oro per la preparazione del caff\u00e8<\/em><\/span><\/strong><\/p><p><strong><span style=\"color: #ffffff;\"><em>\u2013 1 medaglia d\u2019argento e 1 d\u2019oro per la preparazione di cocktail<\/em><\/span><\/strong><\/p><p><strong><span style=\"color: #ffffff;\"><em>\u2013 1 medaglia d\u2019argento e 1 d\u2019oro per il servizio del men\u00f9<\/em><\/span><\/strong><\/p><p><strong><span style=\"color: #ffffff;\"><em>\u2013 1 medaglia d\u2019argento e 3 d\u2019oro per la preparazione dei piatti davanti agli ospiti<\/em><\/span><\/strong><\/p><p><span style=\"color: #ffffff;\"><em><strong>Con la sua conoscenza e un eccezionale senso dell\u2019ospitalit\u00e0, garantisce che ogni esperienza nel nostro ristorante sia studiata nei minimi dettagli, curata e indimenticabile. \u00c8 mentore per le nuove generazioni e rappresenta una colonna portante della qualit\u00e0 su cui costruiamo tutta la nostra offerta gastronomica.<\/strong><\/em><\/span><\/p>\t\t\t\t\t\t\t<\/div>\r\n\t\t\t\t\t\t\t\t\t\t<\/div>\n\t\t\t\t<\/div>\n\t\t\t\t<div class=\"elementor-element elementor-element-194fac2 elementor-widget-divider--view-line flex-horizontal-align-default flex-horizontal-align-tablet-default flex-horizontal-align-mobile-default flex-vertical-align-default flex-vertical-align-tablet-default flex-vertical-align-mobile-default elementor-widget elementor-widget-divider\" data-id=\"194fac2\" data-element_type=\"widget\" data-e-type=\"widget\" data-widget_type=\"divider.default\">\n\t\t\t\t<div class=\"elementor-widget-container\">\n\t\t\t\t\t\t\t<div class=\"elementor-divider\">\n\t\t\t<span class=\"elementor-divider-separator\">\n\t\t\t\t\t\t<\/span>\n\t\t<\/div>\n\t\t\t\t\t\t<\/div>\n\t\t\t\t<\/div>\n\t\t\t\t\t<\/div>\n\t\t<\/div>\n\t\t\t\t\t<\/div><\/div>\r\n\t\t<\/section>\r\n\t\t\t\t\t<\/div>\n\t\t<\/div>\n\t\t\t\t\t<\/div><\/div>\r\n\t\t<\/section>\r\n\t\t\t\t<section class=\"elementor-section elementor-top-section elementor-element elementor-element-2e607bc elementor-section-boxed elementor-section-height-default elementor-section-height-default\" data-id=\"2e607bc\" data-element_type=\"section\" data-e-type=\"section\">\r\n\t\t\t\t\t\t<div class=\"elementor-container elementor-column-gap-thegem\"><div class=\"elementor-row\">\r\n\t\t\t\t\t<div class=\"elementor-column elementor-col-100 elementor-top-column elementor-element elementor-element-35c76388\" data-id=\"35c76388\" data-element_type=\"column\" data-e-type=\"column\">\n\t\t\t<div class=\"elementor-widget-wrap elementor-element-populated\">\n\t\t\t\t\t\t<section class=\"elementor-section elementor-inner-section elementor-element elementor-element-0424851 elementor-section-boxed elementor-section-height-default elementor-section-height-default\" data-id=\"0424851\" data-element_type=\"section\" data-e-type=\"section\">\r\n\t\t\t\t\t\t<div class=\"elementor-container elementor-column-gap-thegem\"><div class=\"elementor-row\">\r\n\t\t\t\t\t<div class=\"elementor-column elementor-col-50 elementor-inner-column elementor-element elementor-element-31bdc6a\" data-id=\"31bdc6a\" data-element_type=\"column\" data-e-type=\"column\">\n\t\t\t<div class=\"elementor-widget-wrap elementor-element-populated\">\n\t\t\t\t\t\t<div class=\"elementor-element elementor-element-eab90b6 flex-horizontal-align-default flex-horizontal-align-tablet-default flex-horizontal-align-mobile-default flex-vertical-align-default flex-vertical-align-tablet-default flex-vertical-align-mobile-default elementor-widget elementor-widget-heading\" data-id=\"eab90b6\" data-element_type=\"widget\" data-e-type=\"widget\" data-widget_type=\"heading.default\">\n\t\t\t\t<div class=\"elementor-widget-container\">\n\t\t\t\t\t<h2 class=\"elementor-heading-title elementor-size-default\">Chef di cucina-verica krnji\u0107<\/h2>\t\t\t\t<\/div>\n\t\t\t\t<\/div>\n\t\t\t\t<div class=\"elementor-element elementor-element-4fb1f5f flex-horizontal-align-default flex-horizontal-align-tablet-default flex-horizontal-align-mobile-default flex-vertical-align-default flex-vertical-align-tablet-default flex-vertical-align-mobile-default elementor-widget elementor-widget-text-editor\" data-id=\"4fb1f5f\" data-element_type=\"widget\" data-e-type=\"widget\" data-widget_type=\"text-editor.default\">\n\t\t\t\t<div class=\"elementor-widget-container\">\n\t\t\t\t\t\t\t\t\t\t\t\t<div class=\"elementor-text-editor elementor-clearfix\">\r\n\t\t\t\t\t\t<p class=\"\" data-start=\"2178\" data-end=\"2554\"><strong><span style=\"color: #ffffff;\"><em>La nostra chef di cucina \u00e8 da sempre affascinata dal mondo della cucina e dall\u2019armonia dei sapori. Il suo percorso culinario \u00e8 iniziato proprio qui, nel nostro ristorante, vent\u2019anni fa, quando ha messo piede per la prima volta in cucina come aiuto cuoca. Con il tempo ha affinato le sue competenze, imparato dai colleghi pi\u00f9 esperti e sviluppato uno stile culinario tutto suo.<\/em><\/span><\/strong><\/p><p class=\"\" data-start=\"2556\" data-end=\"2839\"><strong><span style=\"color: #ffffff;\"><em>Tre anni fa, si \u00e8 presentata l\u2019occasione giusta e abbiamo riconosciuto il suo talento straordinario, la sua dedizione e la sua creativit\u00e0 \u2013 cos\u00ec le abbiamo affidato la guida della cucina. Oggi crea con passione piatti che sono non solo deliziosi, ma anche curati nei minimi dettagli.<\/em><\/span><\/strong><\/p><p class=\"\" data-start=\"2841\" data-end=\"3162\"><strong><span style=\"color: #ffffff;\"><em>La sua maestria non \u00e8 passata inosservata \u2013 n\u00e9 all\u2019interno del team n\u00e9 tra gli ospiti, che tornano spesso proprio per le sue eccezionali creazioni culinarie. \u00c8 il cuore della nostra cucina, una fonte d\u2019ispirazione per tutta la squadra e un pilastro fondamentale del nostro successo, di cui siamo profondamente orgogliosi.<\/em><\/span><\/strong><\/p>\t\t\t\t\t\t\t<\/div>\r\n\t\t\t\t\t\t\t\t\t\t<\/div>\n\t\t\t\t<\/div>\n\t\t\t\t<div class=\"elementor-element elementor-element-6112cbd elementor-widget-divider--view-line flex-horizontal-align-default flex-horizontal-align-tablet-default flex-horizontal-align-mobile-default flex-vertical-align-default flex-vertical-align-tablet-default flex-vertical-align-mobile-default elementor-widget elementor-widget-divider\" data-id=\"6112cbd\" data-element_type=\"widget\" data-e-type=\"widget\" data-widget_type=\"divider.default\">\n\t\t\t\t<div class=\"elementor-widget-container\">\n\t\t\t\t\t\t\t<div class=\"elementor-divider\">\n\t\t\t<span class=\"elementor-divider-separator\">\n\t\t\t\t\t\t<\/span>\n\t\t<\/div>\n\t\t\t\t\t\t<\/div>\n\t\t\t\t<\/div>\n\t\t\t\t\t<\/div>\n\t\t<\/div>\n\t\t\t\t<div class=\"elementor-column elementor-col-50 elementor-inner-column elementor-element elementor-element-2310349\" data-id=\"2310349\" data-element_type=\"column\" data-e-type=\"column\">\n\t\t\t<div class=\"elementor-widget-wrap elementor-element-populated\">\n\t\t\t\t\t\t<div class=\"elementor-element elementor-element-ad94837 flex-horizontal-align-default flex-horizontal-align-tablet-default flex-horizontal-align-mobile-default flex-vertical-align-default flex-vertical-align-tablet-default flex-vertical-align-mobile-default elementor-widget elementor-widget-image\" data-id=\"ad94837\" data-element_type=\"widget\" data-e-type=\"widget\" data-widget_type=\"image.default\">\n\t\t\t\t<div class=\"elementor-widget-container\">\n\t\t\t\t\t\t\t\t\t\t\t\t\t\t\t<img width=\"1024\" height=\"879\" src=\"https:\/\/casinoji.si\/wp-content\/uploads\/2025\/05\/8-1024x879.png\" class=\"attachment-large size-large wp-image-20483\" alt=\"\" srcset=\"https:\/\/casinoji.si\/wp-content\/uploads\/2025\/05\/8-1024x879.png 1024w, https:\/\/casinoji.si\/wp-content\/uploads\/2025\/05\/8-300x258.png 300w, https:\/\/casinoji.si\/wp-content\/uploads\/2025\/05\/8-768x659.png 768w, https:\/\/casinoji.si\/wp-content\/uploads\/2025\/05\/8-1536x1319.png 1536w, https:\/\/casinoji.si\/wp-content\/uploads\/2025\/05\/8.png 1980w\" sizes=\"(max-width: 1024px) 100vw, 1024px\" \/>\t\t\t\t\t\t\t\t\t\t\t\t\t\t\t<\/div>\n\t\t\t\t<\/div>\n\t\t\t\t\t<\/div>\n\t\t<\/div>\n\t\t\t\t\t<\/div><\/div>\r\n\t\t<\/section>\r\n\t\t\t\t\t<\/div>\n\t\t<\/div>\n\t\t\t\t\t<\/div><\/div>\r\n\t\t<\/section>\r\n\t\t\t\t<\/div>\n\t\t","protected":false},"excerpt":{"rendered":"<p>Responsabile di sala-simon per\u0161e Con un eccezionale senso per i dettagli, una profonda dedizione alla professione e anni di esperienza,&#8230;<\/p>\n","protected":false},"author":1,"featured_media":20479,"parent":6914,"menu_order":0,"comment_status":"closed","ping_status":"closed","template":"page-fullwidth.php","meta":{"footnotes":""},"class_list":["post-20872","page","type-page","status-publish","has-post-thumbnail"],"yoast_head":"<!-- This site is optimized with the Yoast SEO plugin v27.4 - https:\/\/yoast.com\/product\/yoast-seo-wordpress\/ -->\n<title>Squadra - Casino<\/title>\n<meta name=\"description\" content=\"Da Sol Privee, la passione per l\u2019ospitalit\u00e0 incontra l\u2019arte della cucina raffinata, dove ogni dettaglio \u00e8 curato da un team esperto per offrire un\u2019esperienza indimenticabile.\" \/>\n<meta name=\"robots\" content=\"index, follow, max-snippet:-1, max-image-preview:large, max-video-preview:-1\" \/>\n<link rel=\"canonical\" href=\"https:\/\/casinoji.si\/it\/portoroz\/ristorante_sol_privee\/squadra\/\" \/>\n<meta property=\"og:locale\" content=\"it_IT\" \/>\n<meta property=\"og:type\" content=\"article\" \/>\n<meta property=\"og:title\" content=\"Squadra\" \/>\n<meta property=\"og:description\" content=\"Da Sol Privee, la passione per l\u2019ospitalit\u00e0 incontra l\u2019arte della cucina raffinata, dove ogni dettaglio \u00e8 curato da un team esperto per offrire un\u2019esperienza indimenticabile.\" \/>\n<meta property=\"og:url\" content=\"https:\/\/casinoji.si\/it\/portoroz\/ristorante_sol_privee\/squadra\/\" \/>\n<meta property=\"og:site_name\" content=\"Casino\" \/>\n<meta property=\"article:modified_time\" content=\"2025-09-28T15:12:28+00:00\" \/>\n<meta property=\"og:image\" content=\"https:\/\/casinoji.si\/wp-content\/uploads\/2025\/05\/7-1024x879.png\" \/>\n\t<meta property=\"og:image:width\" content=\"1024\" \/>\n\t<meta property=\"og:image:height\" content=\"879\" \/>\n\t<meta property=\"og:image:type\" content=\"image\/png\" \/>\n<meta name=\"twitter:card\" content=\"summary_large_image\" \/>\n<meta name=\"twitter:label1\" content=\"Tempo di lettura stimato\" \/>\n\t<meta name=\"twitter:data1\" content=\"3 minuti\" \/>\n<script type=\"application\/ld+json\" class=\"yoast-schema-graph\">{\"@context\":\"https:\\\/\\\/schema.org\",\"@graph\":[{\"@type\":\"WebPage\",\"@id\":\"https:\\\/\\\/casinoji.si\\\/it\\\/portoroz\\\/ristorante_sol_privee\\\/squadra\\\/\",\"url\":\"https:\\\/\\\/casinoji.si\\\/it\\\/portoroz\\\/ristorante_sol_privee\\\/squadra\\\/\",\"name\":\"Squadra - Casino\",\"isPartOf\":{\"@id\":\"https:\\\/\\\/casinoji.si\\\/it\\\/#website\"},\"primaryImageOfPage\":{\"@id\":\"https:\\\/\\\/casinoji.si\\\/it\\\/portoroz\\\/ristorante_sol_privee\\\/squadra\\\/#primaryimage\"},\"image\":{\"@id\":\"https:\\\/\\\/casinoji.si\\\/it\\\/portoroz\\\/ristorante_sol_privee\\\/squadra\\\/#primaryimage\"},\"thumbnailUrl\":\"https:\\\/\\\/casinoji.si\\\/wp-content\\\/uploads\\\/2025\\\/05\\\/7.png\",\"datePublished\":\"2025-05-09T16:23:44+00:00\",\"dateModified\":\"2025-09-28T15:12:28+00:00\",\"description\":\"Da Sol Privee, la passione per l\u2019ospitalit\u00e0 incontra l\u2019arte della cucina raffinata, dove ogni dettaglio \u00e8 curato da un team esperto per offrire un\u2019esperienza indimenticabile.\",\"breadcrumb\":{\"@id\":\"https:\\\/\\\/casinoji.si\\\/it\\\/portoroz\\\/ristorante_sol_privee\\\/squadra\\\/#breadcrumb\"},\"inLanguage\":\"it-IT\",\"potentialAction\":[{\"@type\":\"ReadAction\",\"target\":[\"https:\\\/\\\/casinoji.si\\\/it\\\/portoroz\\\/ristorante_sol_privee\\\/squadra\\\/\"]}]},{\"@type\":\"ImageObject\",\"inLanguage\":\"it-IT\",\"@id\":\"https:\\\/\\\/casinoji.si\\\/it\\\/portoroz\\\/ristorante_sol_privee\\\/squadra\\\/#primaryimage\",\"url\":\"https:\\\/\\\/casinoji.si\\\/wp-content\\\/uploads\\\/2025\\\/05\\\/7.png\",\"contentUrl\":\"https:\\\/\\\/casinoji.si\\\/wp-content\\\/uploads\\\/2025\\\/05\\\/7.png\",\"width\":1980,\"height\":1700},{\"@type\":\"BreadcrumbList\",\"@id\":\"https:\\\/\\\/casinoji.si\\\/it\\\/portoroz\\\/ristorante_sol_privee\\\/squadra\\\/#breadcrumb\",\"itemListElement\":[{\"@type\":\"ListItem\",\"position\":1,\"name\":\"Home\",\"item\":\"https:\\\/\\\/casinoji.si\\\/it\\\/\"},{\"@type\":\"ListItem\",\"position\":2,\"name\":\"Portoro\u017e\",\"item\":\"https:\\\/\\\/casinoji.si\\\/it\\\/portoroz\\\/\"},{\"@type\":\"ListItem\",\"position\":3,\"name\":\"RESTAVRACIJA\",\"item\":\"https:\\\/\\\/casinoji.si\\\/it\\\/portoroz\\\/ristorante_sol_privee\\\/\"},{\"@type\":\"ListItem\",\"position\":4,\"name\":\"Squadra\"}]},{\"@type\":\"WebSite\",\"@id\":\"https:\\\/\\\/casinoji.si\\\/it\\\/#website\",\"url\":\"https:\\\/\\\/casinoji.si\\\/it\\\/\",\"name\":\"Casino\",\"description\":\"Portoro\u017e, Lipica, Mons Ljubljana\",\"potentialAction\":[{\"@type\":\"SearchAction\",\"target\":{\"@type\":\"EntryPoint\",\"urlTemplate\":\"https:\\\/\\\/casinoji.si\\\/it\\\/?s={search_term_string}\"},\"query-input\":{\"@type\":\"PropertyValueSpecification\",\"valueRequired\":true,\"valueName\":\"search_term_string\"}}],\"inLanguage\":\"it-IT\"}]}<\/script>\n<!-- \/ Yoast SEO plugin. -->","yoast_head_json":{"title":"Squadra - Casino","description":"Da Sol Privee, la passione per l\u2019ospitalit\u00e0 incontra l\u2019arte della cucina raffinata, dove ogni dettaglio \u00e8 curato da un team esperto per offrire un\u2019esperienza indimenticabile.","robots":{"index":"index","follow":"follow","max-snippet":"max-snippet:-1","max-image-preview":"max-image-preview:large","max-video-preview":"max-video-preview:-1"},"canonical":"https:\/\/casinoji.si\/it\/portoroz\/ristorante_sol_privee\/squadra\/","og_locale":"it_IT","og_type":"article","og_title":"Squadra","og_description":"Da Sol Privee, la passione per l\u2019ospitalit\u00e0 incontra l\u2019arte della cucina raffinata, dove ogni dettaglio \u00e8 curato da un team esperto per offrire un\u2019esperienza indimenticabile.","og_url":"https:\/\/casinoji.si\/it\/portoroz\/ristorante_sol_privee\/squadra\/","og_site_name":"Casino","article_modified_time":"2025-09-28T15:12:28+00:00","og_image":[{"width":1024,"height":879,"url":"https:\/\/casinoji.si\/wp-content\/uploads\/2025\/05\/7-1024x879.png","type":"image\/png"}],"twitter_card":"summary_large_image","twitter_misc":{"Tempo di lettura stimato":"3 minuti"},"schema":{"@context":"https:\/\/schema.org","@graph":[{"@type":"WebPage","@id":"https:\/\/casinoji.si\/it\/portoroz\/ristorante_sol_privee\/squadra\/","url":"https:\/\/casinoji.si\/it\/portoroz\/ristorante_sol_privee\/squadra\/","name":"Squadra - Casino","isPartOf":{"@id":"https:\/\/casinoji.si\/it\/#website"},"primaryImageOfPage":{"@id":"https:\/\/casinoji.si\/it\/portoroz\/ristorante_sol_privee\/squadra\/#primaryimage"},"image":{"@id":"https:\/\/casinoji.si\/it\/portoroz\/ristorante_sol_privee\/squadra\/#primaryimage"},"thumbnailUrl":"https:\/\/casinoji.si\/wp-content\/uploads\/2025\/05\/7.png","datePublished":"2025-05-09T16:23:44+00:00","dateModified":"2025-09-28T15:12:28+00:00","description":"Da Sol Privee, la passione per l\u2019ospitalit\u00e0 incontra l\u2019arte della cucina raffinata, dove ogni dettaglio \u00e8 curato da un team esperto per offrire un\u2019esperienza indimenticabile.","breadcrumb":{"@id":"https:\/\/casinoji.si\/it\/portoroz\/ristorante_sol_privee\/squadra\/#breadcrumb"},"inLanguage":"it-IT","potentialAction":[{"@type":"ReadAction","target":["https:\/\/casinoji.si\/it\/portoroz\/ristorante_sol_privee\/squadra\/"]}]},{"@type":"ImageObject","inLanguage":"it-IT","@id":"https:\/\/casinoji.si\/it\/portoroz\/ristorante_sol_privee\/squadra\/#primaryimage","url":"https:\/\/casinoji.si\/wp-content\/uploads\/2025\/05\/7.png","contentUrl":"https:\/\/casinoji.si\/wp-content\/uploads\/2025\/05\/7.png","width":1980,"height":1700},{"@type":"BreadcrumbList","@id":"https:\/\/casinoji.si\/it\/portoroz\/ristorante_sol_privee\/squadra\/#breadcrumb","itemListElement":[{"@type":"ListItem","position":1,"name":"Home","item":"https:\/\/casinoji.si\/it\/"},{"@type":"ListItem","position":2,"name":"Portoro\u017e","item":"https:\/\/casinoji.si\/it\/portoroz\/"},{"@type":"ListItem","position":3,"name":"RESTAVRACIJA","item":"https:\/\/casinoji.si\/it\/portoroz\/ristorante_sol_privee\/"},{"@type":"ListItem","position":4,"name":"Squadra"}]},{"@type":"WebSite","@id":"https:\/\/casinoji.si\/it\/#website","url":"https:\/\/casinoji.si\/it\/","name":"Casino","description":"Portoro\u017e, Lipica, Mons Ljubljana","potentialAction":[{"@type":"SearchAction","target":{"@type":"EntryPoint","urlTemplate":"https:\/\/casinoji.si\/it\/?s={search_term_string}"},"query-input":{"@type":"PropertyValueSpecification","valueRequired":true,"valueName":"search_term_string"}}],"inLanguage":"it-IT"}]}},"jetpack_sharing_enabled":true,"_links":{"self":[{"href":"https:\/\/casinoji.si\/it\/wp-json\/wp\/v2\/pages\/20872","targetHints":{"allow":["GET"]}}],"collection":[{"href":"https:\/\/casinoji.si\/it\/wp-json\/wp\/v2\/pages"}],"about":[{"href":"https:\/\/casinoji.si\/it\/wp-json\/wp\/v2\/types\/page"}],"author":[{"embeddable":true,"href":"https:\/\/casinoji.si\/it\/wp-json\/wp\/v2\/users\/1"}],"replies":[{"embeddable":true,"href":"https:\/\/casinoji.si\/it\/wp-json\/wp\/v2\/comments?post=20872"}],"version-history":[{"count":5,"href":"https:\/\/casinoji.si\/it\/wp-json\/wp\/v2\/pages\/20872\/revisions"}],"predecessor-version":[{"id":24868,"href":"https:\/\/casinoji.si\/it\/wp-json\/wp\/v2\/pages\/20872\/revisions\/24868"}],"up":[{"embeddable":true,"href":"https:\/\/casinoji.si\/it\/wp-json\/wp\/v2\/pages\/6914"}],"wp:featuredmedia":[{"embeddable":true,"href":"https:\/\/casinoji.si\/it\/wp-json\/wp\/v2\/media\/20479"}],"wp:attachment":[{"href":"https:\/\/casinoji.si\/it\/wp-json\/wp\/v2\/media?parent=20872"}],"curies":[{"name":"wp","href":"https:\/\/api.w.org\/{rel}","templated":true}]}}